{"id":22844,"date":"2020-10-23T17:16:29","date_gmt":"2020-10-23T15:16:29","guid":{"rendered":"https:\/\/www.ohada.org\/calls-for-tenders-and-results\/"},"modified":"2020-11-04T16:33:15","modified_gmt":"2020-11-04T15:33:15","slug":"calls-for-tenders-and-results","status":"publish","type":"page","link":"https:\/\/www.ohada.org\/en\/calls-for-tenders-and-results\/","title":{"rendered":"Calls for tenders and Results"},"content":{"rendered":"\t\t<div data-elementor-type=\"wp-page\" data-elementor-id=\"22844\" class=\"elementor elementor-22844 elementor-22505\">\n\t\t\t\t\t\t<div class=\"elementor-inner\">\n\t\t\t\t<div class=\"elementor-section-wrap\">\n\t\t\t\t\t\t\t\t\t<section data-particle_enable=\"false\" data-particle-mobile-disabled=\"false\" class=\"elementor-section elementor-top-section elementor-element elementor-element-db01bbc elementor-section-boxed elementor-section-height-default elementor-section-height-default\" data-id=\"db01bbc\" data-element_type=\"section\" data-settings=\"{&quot;ekit_has_onepagescroll_dot&quot;:&quot;yes&quot;}\">\n\t\t\t\t\t\t<div class=\"elementor-container elementor-column-gap-default\">\n\t\t\t\t\t\t\t<div class=\"elementor-row\">\n\t\t\t\t\t<div class=\"elementor-column elementor-col-100 elementor-top-column elementor-element elementor-element-7b543f3\" data-id=\"7b543f3\" data-element_type=\"column\">\n\t\t\t<div class=\"elementor-column-wrap elementor-element-populated\">\n\t\t\t\t\t\t\t<div class=\"elementor-widget-wrap\">\n\t\t\t\t\t\t<div class=\"elementor-element elementor-element-2ae335d elementor-grid-1 elementor-posts--thumbnail-left elementor-grid-tablet-2 elementor-grid-mobile-1 elementor-widget elementor-widget-posts\" data-id=\"2ae335d\" data-element_type=\"widget\" data-settings=\"{&quot;classic_columns&quot;:&quot;1&quot;,&quot;classic_row_gap&quot;:{&quot;unit&quot;:&quot;px&quot;,&quot;size&quot;:40,&quot;sizes&quot;:[]},&quot;classic_columns_tablet&quot;:&quot;2&quot;,&quot;classic_columns_mobile&quot;:&quot;1&quot;,&quot;classic_row_gap_tablet&quot;:{&quot;unit&quot;:&quot;px&quot;,&quot;size&quot;:&quot;&quot;,&quot;sizes&quot;:[]},&quot;classic_row_gap_mobile&quot;:{&quot;unit&quot;:&quot;px&quot;,&quot;size&quot;:&quot;&quot;,&quot;sizes&quot;:[]},&quot;ekit_we_effect_on&quot;:&quot;none&quot;}\" data-widget_type=\"posts.classic\">\n\t\t\t\t<div class=\"elementor-widget-container\">\n\t\t\t\t\t<div class=\"elementor-posts-container elementor-posts elementor-posts--skin-classic elementor-grid\">\n\t\t\t\t<article class=\"elementor-post elementor-grid-item post-21599 post type-post status-publish format-standard hentry category-actualites-et-annonces-de-lohada-en tag-announcements-home tag-appels-doffres tag-dernieres-annonces-en entry\">\n\t\t\t\t<div class=\"elementor-post__text\">\n\t\t\t\t<h3 class=\"elementor-post__title\">\n\t\t\t<a href=\"https:\/\/www.ohada.org\/en\/national-open-notice-of-appeal\/\" >\n\t\t\t\tNational Open Notice of Appeal\t\t\t<\/a>\n\t\t<\/h3>\n\t\t\t\t<div class=\"elementor-post__excerpt\">\n\t\t\t<p>The English version of this content will be available. Travaux d\u2019am\u00e9nagement au SPO \u00e0 Yaound\u00e9 Le Secr\u00e9tariat Permanent de l\u2019Organisation pour l\u2019Harmonisation en Afrique du<\/p>\n\t\t<\/div>\n\t\t\n\t\t<a class=\"elementor-post__read-more\" href=\"https:\/\/www.ohada.org\/en\/national-open-notice-of-appeal\/\" >\n\t\t\tRead more  \u00bb\t\t<\/a>\n\n\t\t\t\t<\/div>\n\t\t\t\t<\/article>\n\t\t\t\t<article class=\"elementor-post elementor-grid-item post-22218 post type-post status-publish format-standard hentry category-actualites-et-annonces-de-lohada-en tag-appels-doffres entry\">\n\t\t\t\t<div class=\"elementor-post__text\">\n\t\t\t\t<h3 class=\"elementor-post__title\">\n\t\t\t<a href=\"https:\/\/www.ohada.org\/en\/asmi-for-the-selection-of-a-firm-responsible-for-carrying-out-an-exploratory-study-and-a-draft-uniform-act-relating-to-electronic-transactions\/\" >\n\t\t\t\tASMI for the selection of a firm responsible for carrying out an exploratory study and a draft uniform act relating to electronic transactions\t\t\t<\/a>\n\t\t<\/h3>\n\t\t\t\t<div class=\"elementor-post__excerpt\">\n\t\t\t<p>The English version of this content will be available. Avis d\u2019appel de manifestations d\u2019int\u00e9r\u00eat pour la s\u00e9lection d\u2019un cabinet charg\u00e9 de r\u00e9aliser une \u00e9tude exploratoire<\/p>\n\t\t<\/div>\n\t\t\n\t\t<a class=\"elementor-post__read-more\" href=\"https:\/\/www.ohada.org\/en\/asmi-for-the-selection-of-a-firm-responsible-for-carrying-out-an-exploratory-study-and-a-draft-uniform-act-relating-to-electronic-transactions\/\" >\n\t\t\tRead more  \u00bb\t\t<\/a>\n\n\t\t\t\t<\/div>\n\t\t\t\t<\/article>\n\t\t\t\t<article class=\"elementor-post elementor-grid-item post-22299 post type-post status-publish format-standard hentry category-actualites-et-annonces-de-lohada-en tag-actualite-sp-en tag-appels-doffres entry\">\n\t\t\t\t<div class=\"elementor-post__text\">\n\t\t\t\t<h3 class=\"elementor-post__title\">\n\t\t\t<a href=\"https:\/\/www.ohada.org\/en\/notice-of-call-for-tenders-for-the-supply-and-update-of-the-technical-room-and-low-current-networks-at-the-common-court-of-justice-and-arbitration-ccja\/\" >\n\t\t\t\tNOTICE OF CALL FOR TENDERS FOR THE SUPPLY AND UPDATE OF THE TECHNICAL ROOM AND LOW CURRENT NETWORKS AT THE COMMON COURT OF JUSTICE AND ARBITRATION (CCJA)\t\t\t<\/a>\n\t\t<\/h3>\n\t\t\t\t<div class=\"elementor-post__excerpt\">\n\t\t\t<p>The English version of this content will be available. N\u00b0 de r\u00e9f\u00e9rence :\u00a0 CM-OHADA-97183-GO-RFQ Projet d\u2019Am\u00e9lioration du Climat des Investissements au sein de l\u2019espace OHADA<\/p>\n\t\t<\/div>\n\t\t\n\t\t<a class=\"elementor-post__read-more\" href=\"https:\/\/www.ohada.org\/en\/notice-of-call-for-tenders-for-the-supply-and-update-of-the-technical-room-and-low-current-networks-at-the-common-court-of-justice-and-arbitration-ccja\/\" >\n\t\t\tRead more  \u00bb\t\t<\/a>\n\n\t\t\t\t<\/div>\n\t\t\t\t<\/article>\n\t\t\t\t<article class=\"elementor-post elementor-grid-item post-22254 post type-post status-publish format-standard hentry category-actualites-et-annonces-de-lohada-en tag-actualite-sp-en tag-appels-doffres entry\">\n\t\t\t\t<div class=\"elementor-post__text\">\n\t\t\t\t<h3 class=\"elementor-post__title\">\n\t\t\t<a href=\"https:\/\/www.ohada.org\/en\/notice-of-request-for-price-for-the-award-of-contracts-for-supplies-and-provisions-of-non-intellectual-services-single-envelope-procedure\/\" >\n\t\t\t\tNOTICE OF REQUEST FOR PRICE FOR THE AWARD OF CONTRACTS FOR SUPPLIES AND PROVISIONS OF NON-INTELLECTUAL SERVICES (Single envelope procedure)\t\t\t<\/a>\n\t\t<\/h3>\n\t\t\t\t<div class=\"elementor-post__excerpt\">\n\t\t\t<p>The English version of this content will be available. N\u00b0 de r\u00e9f\u00e9rence :&nbsp; CM-OHADA-96343-GO-RFQ Projet d\u2019Am\u00e9lioration du Climat des Investissements au sein de l\u2019espace OHADA<\/p>\n\t\t<\/div>\n\t\t\n\t\t<a class=\"elementor-post__read-more\" href=\"https:\/\/www.ohada.org\/en\/notice-of-request-for-price-for-the-award-of-contracts-for-supplies-and-provisions-of-non-intellectual-services-single-envelope-procedure\/\" >\n\t\t\tRead more  \u00bb\t\t<\/a>\n\n\t\t\t\t<\/div>\n\t\t\t\t<\/article>\n\t\t\t\t<article class=\"elementor-post elementor-grid-item post-22320 post type-post status-publish format-standard hentry category-actualites-et-annonces-de-lohada-en tag-appels-doffres tag-dernieres-annonces-en tag-echos-de-nos-institutions tag-echos-des-etats-parties tag-echos-des-etats-parties-home tag-promotion-et-sensibilisation-home-fr entry\">\n\t\t\t\t<div class=\"elementor-post__text\">\n\t\t\t\t<h3 class=\"elementor-post__title\">\n\t\t\t<a href=\"https:\/\/www.ohada.org\/en\/asmi-n-cm-ohada-97170-cs-qcbs-for-the-selection-of-a-cabinet-in-charge-of-the-preparation-of-a-legislation-common-to-the-member-states-of-ohada-on-conflicts-of-laws\/\" >\n\t\t\t\tASMI N \u00b0 CM-OHADA-97170-CS-QCBS FOR THE SELECTION OF A CABINET IN CHARGE OF THE PREPARATION OF A LEGISLATION COMMON TO THE MEMBER STATES OF OHADA ON CONFLICTS OF LAWS\t\t\t<\/a>\n\t\t<\/h3>\n\t\t\t\t<div class=\"elementor-post__excerpt\">\n\t\t\t<p>The English version of this content will be available. AVIS DE SOLLICITATION DE MANIFESTATIONS D\u2019INTERET POUR LA SELECTION D\u2019UN CABINET CHARGE DE L\u2019\u00c9LABORATION D\u2019UNE LEGISLATION<\/p>\n\t\t<\/div>\n\t\t\n\t\t<a class=\"elementor-post__read-more\" href=\"https:\/\/www.ohada.org\/en\/asmi-n-cm-ohada-97170-cs-qcbs-for-the-selection-of-a-cabinet-in-charge-of-the-preparation-of-a-legislation-common-to-the-member-states-of-ohada-on-conflicts-of-laws\/\" >\n\t\t\tRead more  \u00bb\t\t<\/a>\n\n\t\t\t\t<\/div>\n\t\t\t\t<\/article>\n\t\t\t\t<article class=\"elementor-post elementor-grid-item post-22370 post type-post status-publish format-standard has-post-thumbnail hentry category-actualites-et-annonces-de-lohada-en tag-appels-doffres tag-dernieres-annonces-en tag-echos-des-etats-parties tag-echos-des-etats-parties-home entry has-media\">\n\t\t\t\t<a class=\"elementor-post__thumbnail__link\" href=\"https:\/\/www.ohada.org\/en\/call-for-expressions-of-interest-n-002-2019-ohada-cm-afd-rccm-relating-to-the-supply-of-equipment-and-cabling-of-the-computer-and-electrical-network-for-the-modernization-of-the-rccm-in-cam\/\" >\n\t\t\t<div class=\"elementor-post__thumbnail\"><img loading=\"lazy\" decoding=\"async\" width=\"213\" height=\"300\" src=\"https:\/\/www.ohada.org\/wp-content\/uploads\/2020\/10\/formation-RDC-213x300.png\" class=\"attachment-medium size-medium\" alt=\"\" \/><\/div>\n\t\t<\/a>\n\t\t\t\t<div class=\"elementor-post__text\">\n\t\t\t\t<h3 class=\"elementor-post__title\">\n\t\t\t<a href=\"https:\/\/www.ohada.org\/en\/call-for-expressions-of-interest-n-002-2019-ohada-cm-afd-rccm-relating-to-the-supply-of-equipment-and-cabling-of-the-computer-and-electrical-network-for-the-modernization-of-the-rccm-in-cam\/\" >\n\t\t\t\tCall for Expressions of Interest N \u00b0 002\/2019 \/ OHADA-CM-AFD \/ RCCM relating to the supply of equipment and cabling of the computer and electrical network for the modernization of the RCCM in Cameroon\t\t\t<\/a>\n\t\t<\/h3>\n\t\t\t\t<div class=\"elementor-post__excerpt\">\n\t\t\t<p>The English version of this content will be available. Avis d\u2019Appel \u00e0 Manifestation d\u2019Int\u00e9r\u00eat N\u00b0 002\/2019\/OHADA-CM-AFD\/RCCM du 09\/09\/2019 pour la fourniture du mat\u00e9riel et le<\/p>\n\t\t<\/div>\n\t\t\n\t\t<a class=\"elementor-post__read-more\" href=\"https:\/\/www.ohada.org\/en\/call-for-expressions-of-interest-n-002-2019-ohada-cm-afd-rccm-relating-to-the-supply-of-equipment-and-cabling-of-the-computer-and-electrical-network-for-the-modernization-of-the-rccm-in-cam\/\" >\n\t\t\tRead more  \u00bb\t\t<\/a>\n\n\t\t\t\t<\/div>\n\t\t\t\t<\/article>\n\t\t\t\t<article class=\"elementor-post elementor-grid-item post-22356 post type-post status-publish format-standard hentry category-actualites-et-annonces-de-lohada-en tag-appels-doffres tag-dernieres-annonces tag-dernieres-annonces-en tag-echos-des-etats-parties tag-echos-des-etats-parties-home tag-informatisation-rccm entry\">\n\t\t\t\t<div class=\"elementor-post__text\">\n\t\t\t\t<h3 class=\"elementor-post__title\">\n\t\t\t<a href=\"https:\/\/www.ohada.org\/en\/call-for-expressions-of-interest-n-001-2019-ohada-cm-afd-rccm-relating-to-the-supply-of-computer-equipment-for-the-modernization-of-the-rccm-in-cameroon\/\" >\n\t\t\t\tCall for Expressions of Interest N \u00b0 001\/2019 \/ OHADA-CM-AFD \/ RCCM relating to the supply of computer equipment for the modernization of the RCCM in Cameroon\t\t\t<\/a>\n\t\t<\/h3>\n\t\t\t\t<div class=\"elementor-post__excerpt\">\n\t\t\t<p>The English version of this content will be available. Avis d\u2019Appel \u00e0 Manifestation d\u2019Int\u00e9r\u00eat N\u00b0 001\/2019\/OHADA-CM-AFD\/RCCM du 09\/09\/2019 relatif \u00e0 la fourniture du mat\u00e9riel informatique<\/p>\n\t\t<\/div>\n\t\t\n\t\t<a class=\"elementor-post__read-more\" href=\"https:\/\/www.ohada.org\/en\/call-for-expressions-of-interest-n-001-2019-ohada-cm-afd-rccm-relating-to-the-supply-of-computer-equipment-for-the-modernization-of-the-rccm-in-cameroon\/\" >\n\t\t\tRead more  \u00bb\t\t<\/a>\n\n\t\t\t\t<\/div>\n\t\t\t\t<\/article>\n\t\t\t\t<article class=\"elementor-post elementor-grid-item post-22391 post type-post status-publish format-standard hentry category-actualites-et-annonces-de-lohada-en tag-actualite-cccja tag-actualite-ersuma tag-actualite-sp-en tag-appels-doffres tag-dernieres-annonces-en entry\">\n\t\t\t\t<div class=\"elementor-post__text\">\n\t\t\t\t<h3 class=\"elementor-post__title\">\n\t\t\t<a href=\"https:\/\/www.ohada.org\/en\/asmi-for-the-selection-of-a-firm-in-charge-of-developing-an-integrated-software-for-the-management-of-the-ohada-archives\/\" >\n\t\t\t\tASMI FOR THE SELECTION OF A FIRM IN CHARGE OF DEVELOPING AN INTEGRATED SOFTWARE FOR THE MANAGEMENT OF THE OHADA ARCHIVES\t\t\t<\/a>\n\t\t<\/h3>\n\t\t\t\t<div class=\"elementor-post__excerpt\">\n\t\t\t<p>The English version of this content will be available. N\u00b0 de r\u00e9f\u00e9rence : &nbsp;&nbsp;CM-OHADA-96358-CS-QCBS Projet d\u2019Am\u00e9lioration du Climat des Investissements au sein de l\u2019espace OHADA<\/p>\n\t\t<\/div>\n\t\t\n\t\t<a class=\"elementor-post__read-more\" href=\"https:\/\/www.ohada.org\/en\/asmi-for-the-selection-of-a-firm-in-charge-of-developing-an-integrated-software-for-the-management-of-the-ohada-archives\/\" >\n\t\t\tRead more  \u00bb\t\t<\/a>\n\n\t\t\t\t<\/div>\n\t\t\t\t<\/article>\n\t\t\t\t<article class=\"elementor-post elementor-grid-item post-21990 post type-post status-publish format-standard hentry category-actualites-et-annonces-de-lohada-en tag-appels-doffres tag-dernieres-annonces-en tag-echos-de-nos-institutions tag-echos-des-etats-parties tag-echos-des-etats-parties-home entry\">\n\t\t\t\t<div class=\"elementor-post__text\">\n\t\t\t\t<h3 class=\"elementor-post__title\">\n\t\t\t<a href=\"https:\/\/www.ohada.org\/en\/notice-of-solicitation-of-expressions-of-interest-for-the-selection-of-a-firm-in-charge-of-developing-and-implementing-an-integrated-software-solution-for-the-management-of-ccja-ohada-files\/\" >\n\t\t\t\tNOTICE OF SOLICITATION OF EXPRESSIONS OF INTEREST FOR THE SELECTION OF A FIRM IN CHARGE OF DEVELOPING AND IMPLEMENTING AN INTEGRATED SOFTWARE SOLUTION FOR THE MANAGEMENT OF CCJA-OHADA FILES\t\t\t<\/a>\n\t\t<\/h3>\n\t\t\t\t<div class=\"elementor-post__excerpt\">\n\t\t\t<p>AVIS DE SOLLICITATION DE MANIFESTATIONS D\u2019INT\u00c9R\u00caT POUR LA S\u00c9LECTION D\u2019UN CABINET CHARGE DE R\u00c9ALISER LE D\u00c9VELOPPEMENT ET LA MISE EN EXPLOITATION D\u2019UNE SOLUTION LOGICIELLE INT\u00c9GR\u00c9E<\/p>\n\t\t<\/div>\n\t\t\n\t\t<a class=\"elementor-post__read-more\" href=\"https:\/\/www.ohada.org\/en\/notice-of-solicitation-of-expressions-of-interest-for-the-selection-of-a-firm-in-charge-of-developing-and-implementing-an-integrated-software-solution-for-the-management-of-ccja-ohada-files\/\" >\n\t\t\tRead more  \u00bb\t\t<\/a>\n\n\t\t\t\t<\/div>\n\t\t\t\t<\/article>\n\t\t\t\t<article class=\"elementor-post elementor-grid-item post-21959 post type-post status-publish format-standard hentry category-actualites-et-annonces-de-lohada-en tag-appels-doffres tag-dernieres-annonces-en tag-echos-de-nos-institutions tag-promotion-et-sensibilisation-home-fr entry\">\n\t\t\t\t<div class=\"elementor-post__text\">\n\t\t\t\t<h3 class=\"elementor-post__title\">\n\t\t\t<a href=\"https:\/\/www.ohada.org\/en\/notice-of-solicitation-of-expressions-of-interest-for-the-selection-of-a-firm-responsible-for-carrying-out-an-economic-impact-study-of-ohada\/\" >\n\t\t\t\tNotice of solicitation of expressions of interest for the selection of a firm responsible for carrying out an economic impact study of OHADA\t\t\t<\/a>\n\t\t<\/h3>\n\t\t\t\t<div class=\"elementor-post__excerpt\">\n\t\t\t<p>Avis de sollicitation de manifestations d\u2019int\u00e9r\u00eat pour la s\u00e9lection d\u2019un cabinet charge de r\u00e9aliser une \u00e9tude d\u2019impact \u00e9conomique de l\u2019organisation pour l\u2019harmonisation en Afrique du<\/p>\n\t\t<\/div>\n\t\t\n\t\t<a class=\"elementor-post__read-more\" href=\"https:\/\/www.ohada.org\/en\/notice-of-solicitation-of-expressions-of-interest-for-the-selection-of-a-firm-responsible-for-carrying-out-an-economic-impact-study-of-ohada\/\" >\n\t\t\tRead more  \u00bb\t\t<\/a>\n\n\t\t\t\t<\/div>\n\t\t\t\t<\/article>\n\t\t\t\t<\/div>\n\n\n\t\t\n\t\t\t\t<div class=\"e-load-more-anchor\" data-page=\"1\" data-max-page=\"2\" data-next-page=\"https:\/\/www.ohada.org\/en\/wp-json\/wp\/v2\/pages\/22844\/page\/2\/\"><\/div>\n\t\t\t\t<nav class=\"elementor-pagination\" role=\"navigation\" aria-label=\"Pagination\">\n\t\t\t<span class=\"page-numbers prev\">&laquo; Previous<\/span>\n<span aria-current=\"page\" class=\"page-numbers current\"><span class=\"elementor-screen-only\">Page<\/span>1<\/span>\n<a class=\"page-numbers\" href=\"https:\/\/www.ohada.org\/en\/wp-json\/wp\/v2\/pages\/22844\/page\/2\/\"><span class=\"elementor-screen-only\">Page<\/span>2<\/a>\n<a class=\"page-numbers next\" href=\"https:\/\/www.ohada.org\/en\/wp-json\/wp\/v2\/pages\/22844\/page\/2\/\">Next &raquo;<\/a>\t\t<\/nav>\n\t\t\t\t<\/div>\n\t\t\t\t<\/div>\n\t\t\t\t\t\t<\/div>\n\t\t\t\t\t<\/div>\n\t\t<\/div>\n\t\t\t\t\t\t\t\t<\/div>\n\t\t\t\t\t<\/div>\n\t\t<\/section>\n\t\t\t\t\t\t\t\t\t<\/div>\n\t\t\t<\/div>\n\t\t\t\t\t<\/div>\n\t\t","protected":false},"excerpt":{"rendered":"","protected":false},"author":20,"featured_media":0,"parent":0,"menu_order":0,"comment_status":"closed","ping_status":"closed","template":"","meta":{"_relevanssi_hide_post":"","_relevanssi_hide_content":"","_relevanssi_pin_for_all":"","_relevanssi_pin_keywords":"","_relevanssi_unpin_keywords":"","_relevanssi_related_keywords":"","_relevanssi_related_include_ids":"","_relevanssi_related_exclude_ids":"","_relevanssi_related_no_append":"","_relevanssi_related_not_related":"","_relevanssi_related_posts":"","_relevanssi_noindex_reason":"","footnotes":""},"acf":[],"_links":{"self":[{"href":"https:\/\/www.ohada.org\/en\/wp-json\/wp\/v2\/pages\/22844"}],"collection":[{"href":"https:\/\/www.ohada.org\/en\/wp-json\/wp\/v2\/pages"}],"about":[{"href":"https:\/\/www.ohada.org\/en\/wp-json\/wp\/v2\/types\/page"}],"author":[{"embeddable":true,"href":"https:\/\/www.ohada.org\/en\/wp-json\/wp\/v2\/users\/20"}],"replies":[{"embeddable":true,"href":"https:\/\/www.ohada.org\/en\/wp-json\/wp\/v2\/comments?post=22844"}],"version-history":[{"count":1,"href":"https:\/\/www.ohada.org\/en\/wp-json\/wp\/v2\/pages\/22844\/revisions"}],"predecessor-version":[{"id":22845,"href":"https:\/\/www.ohada.org\/en\/wp-json\/wp\/v2\/pages\/22844\/revisions\/22845"}],"wp:attachment":[{"href":"https:\/\/www.ohada.org\/en\/wp-json\/wp\/v2\/media?parent=22844"}],"curies":[{"name":"wp","href":"https:\/\/api.w.org\/{rel}","templated":true}]}}