{"id":24125,"date":"2020-10-26T11:32:56","date_gmt":"2020-10-26T10:32:56","guid":{"rendered":"https:\/\/www.ohada.org\/ersuma-law-review\/"},"modified":"2020-10-27T16:04:54","modified_gmt":"2020-10-27T15:04:54","slug":"ersuma-law-review","status":"publish","type":"page","link":"https:\/\/www.ohada.org\/en\/ersuma-law-review\/","title":{"rendered":"ERSUMA Law Review"},"content":{"rendered":"\t\t<div data-elementor-type=\"wp-page\" data-elementor-id=\"24125\" class=\"elementor elementor-24125 elementor-23119\">\n\t\t\t\t\t\t<div class=\"elementor-inner\">\n\t\t\t\t<div class=\"elementor-section-wrap\">\n\t\t\t\t\t\t\t\t\t<section data-particle_enable=\"false\" data-particle-mobile-disabled=\"false\" class=\"elementor-section elementor-top-section elementor-element elementor-element-486406d elementor-section-boxed elementor-section-height-default elementor-section-height-default\" data-id=\"486406d\" data-element_type=\"section\" data-settings=\"{&quot;ekit_has_onepagescroll_dot&quot;:&quot;yes&quot;}\">\n\t\t\t\t\t\t<div class=\"elementor-container elementor-column-gap-default\">\n\t\t\t\t\t\t\t<div class=\"elementor-row\">\n\t\t\t\t\t<div class=\"elementor-column elementor-col-100 elementor-top-column elementor-element elementor-element-39aa135\" data-id=\"39aa135\" data-element_type=\"column\">\n\t\t\t<div class=\"elementor-column-wrap elementor-element-populated\">\n\t\t\t\t\t\t\t<div class=\"elementor-widget-wrap\">\n\t\t\t\t\t\t<div class=\"elementor-element elementor-element-1f7bade elementor-grid-1 elementor-grid-tablet-2 elementor-grid-mobile-1 elementor-posts--thumbnail-top elementor-widget elementor-widget-posts\" data-id=\"1f7bade\" data-element_type=\"widget\" data-settings=\"{&quot;classic_columns&quot;:&quot;1&quot;,&quot;classic_row_gap&quot;:{&quot;unit&quot;:&quot;px&quot;,&quot;size&quot;:40,&quot;sizes&quot;:[]},&quot;classic_columns_tablet&quot;:&quot;2&quot;,&quot;classic_columns_mobile&quot;:&quot;1&quot;,&quot;classic_row_gap_tablet&quot;:{&quot;unit&quot;:&quot;px&quot;,&quot;size&quot;:&quot;&quot;,&quot;sizes&quot;:[]},&quot;classic_row_gap_mobile&quot;:{&quot;unit&quot;:&quot;px&quot;,&quot;size&quot;:&quot;&quot;,&quot;sizes&quot;:[]},&quot;ekit_we_effect_on&quot;:&quot;none&quot;}\" data-widget_type=\"posts.classic\">\n\t\t\t\t<div class=\"elementor-widget-container\">\n\t\t\t\t\t<div class=\"elementor-posts-container elementor-posts elementor-posts--skin-classic elementor-grid\">\n\t\t\t\t<article class=\"elementor-post elementor-grid-item post-21209 post type-post status-publish format-standard has-post-thumbnail hentry category-bulletin-ersuma-fr category-actualites-et-annonces-de-lohada-en tag-actualite-ersuma tag-revue-de-lersuma entry has-media\">\n\t\t\t\t<a class=\"elementor-post__thumbnail__link\" href=\"https:\/\/www.ohada.org\/en\/ersuma-ohada-release-of-the-34th-issue-of-ersuma-bulletin-of-professional-practice\/\" >\n\t\t\t<div class=\"elementor-post__thumbnail\"><img loading=\"lazy\" decoding=\"async\" width=\"300\" height=\"218\" src=\"https:\/\/www.ohada.org\/wp-content\/uploads\/2021\/04\/BEPP_N-41-300x218.jpg\" class=\"attachment-medium size-medium\" alt=\"\" \/><\/div>\n\t\t<\/a>\n\t\t\t\t<div class=\"elementor-post__text\">\n\t\t\t\t<h3 class=\"elementor-post__title\">\n\t\t\t<a href=\"https:\/\/www.ohada.org\/en\/ersuma-ohada-release-of-the-34th-issue-of-ersuma-bulletin-of-professional-practice\/\" >\n\t\t\t\tERSUMA \u2013 OHADA \/ RELEASE OF THE 34th ISSUE OF ERSUMA BULLETIN OF PROFESSIONAL PRACTICE\t\t\t<\/a>\n\t\t<\/h3>\n\t\t\t\t<div class=\"elementor-post__excerpt\">\n\t\t\t<p>The High Regional School of Magistracy (ERSUMA) of the Organisation for the Harmonisation of Business Law in Africa (OHADA) announces the release of the Issue<\/p>\n\t\t<\/div>\n\t\t\n\t\t<a class=\"elementor-post__read-more\" href=\"https:\/\/www.ohada.org\/en\/ersuma-ohada-release-of-the-34th-issue-of-ersuma-bulletin-of-professional-practice\/\" >\n\t\t\tRead more  \u00bb\t\t<\/a>\n\n\t\t\t\t<\/div>\n\t\t\t\t<\/article>\n\t\t\t\t<article class=\"elementor-post elementor-grid-item post-21630 post type-post status-publish format-standard hentry category-actualites-et-annonces-de-lohada-en tag-revue-de-lersuma entry\">\n\t\t\t\t<div class=\"elementor-post__text\">\n\t\t\t\t<h3 class=\"elementor-post__title\">\n\t\t\t<a href=\"https:\/\/www.ohada.org\/en\/ersuma-ohada-issue-number-11-of-ersuma-review-is-live\/\" >\n\t\t\t\tERSUMA \u2013 OHADA \/ ISSUE NUMBER 11 OF ERSUMA REVIEW IS LIVE!\t\t\t<\/a>\n\t\t<\/h3>\n\t\t\t\t<div class=\"elementor-post__excerpt\">\n\t\t\t<p>L\u2019\u00c9cole R\u00e9gionale Sup\u00e9rieure de la Magistrature&nbsp;(ERSUMA)&nbsp;de l\u2019Organisation pour l\u2019Harmonisation en Afrique du Droit des Affaires&nbsp;(OHADA)&nbsp;vous annonce la parution du&nbsp;num\u00e9ro 11 de la Revue de l\u2019ERSUMA,<\/p>\n\t\t<\/div>\n\t\t\n\t\t<a class=\"elementor-post__read-more\" href=\"https:\/\/www.ohada.org\/en\/ersuma-ohada-issue-number-11-of-ersuma-review-is-live\/\" >\n\t\t\tRead more  \u00bb\t\t<\/a>\n\n\t\t\t\t<\/div>\n\t\t\t\t<\/article>\n\t\t\t\t<article class=\"elementor-post elementor-grid-item post-21709 post type-post status-publish format-standard hentry category-actualites-et-annonces-de-lohada-en tag-revue-de-lersuma entry\">\n\t\t\t\t<div class=\"elementor-post__text\">\n\t\t\t\t<h3 class=\"elementor-post__title\">\n\t\t\t<a href=\"https:\/\/www.ohada.org\/en\/contents-ersuma-review-n-11\/\" >\n\t\t\t\tCONTENTS ERSUMA REVIEW N \u00b0 11\t\t\t<\/a>\n\t\t<\/h3>\n\t\t\t\t<div class=\"elementor-post__excerpt\">\n\t\t\t<p>The English version of this content will be available.<\/p>\n\t\t<\/div>\n\t\t\n\t\t<a class=\"elementor-post__read-more\" href=\"https:\/\/www.ohada.org\/en\/contents-ersuma-review-n-11\/\" >\n\t\t\tRead more  \u00bb\t\t<\/a>\n\n\t\t\t\t<\/div>\n\t\t\t\t<\/article>\n\t\t\t\t<article class=\"elementor-post elementor-grid-item post-21751 post type-post status-publish format-standard hentry category-actualites-et-annonces-de-lohada-en tag-revue-de-lersuma entry\">\n\t\t\t\t<div class=\"elementor-post__text\">\n\t\t\t\t<h3 class=\"elementor-post__title\">\n\t\t\t<a href=\"https:\/\/www.ohada.org\/en\/ersuma-review-subscription-coupon\/\" >\n\t\t\t\tERSUMA REVIEW subscription coupon\t\t\t<\/a>\n\t\t<\/h3>\n\t\t\t\t<div class=\"elementor-post__excerpt\">\n\t\t\t\t\t<\/div>\n\t\t\n\t\t<a class=\"elementor-post__read-more\" href=\"https:\/\/www.ohada.org\/en\/ersuma-review-subscription-coupon\/\" >\n\t\t\tRead more  \u00bb\t\t<\/a>\n\n\t\t\t\t<\/div>\n\t\t\t\t<\/article>\n\t\t\t\t<article class=\"elementor-post elementor-grid-item post-21778 post type-post status-publish format-standard hentry category-actualites-et-annonces-de-lohada-en tag-actualite-en tag-actualite-ersuma tag-dernieres-annonces-en tag-revue-de-lersuma entry\">\n\t\t\t\t<div class=\"elementor-post__text\">\n\t\t\t\t<h3 class=\"elementor-post__title\">\n\t\t\t<a href=\"https:\/\/www.ohada.org\/en\/issue-number-10-of-ersuma-review-is-live\/\" >\n\t\t\t\tISSUE NUMBER 10 OF ERSUMA REVIEW IS LIVE!\t\t\t<\/a>\n\t\t<\/h3>\n\t\t\t\t<div class=\"elementor-post__excerpt\">\n\t\t\t<p>The High Regional School of Magistracy&nbsp;(ERSUMA)&nbsp;of the Organisation for the Harmonisation of Business Law in Africa&nbsp;(OHADA)&nbsp;announces that the 10th issue of ERSUMA Review, a biannual<\/p>\n\t\t<\/div>\n\t\t\n\t\t<a class=\"elementor-post__read-more\" href=\"https:\/\/www.ohada.org\/en\/issue-number-10-of-ersuma-review-is-live\/\" >\n\t\t\tRead more  \u00bb\t\t<\/a>\n\n\t\t\t\t<\/div>\n\t\t\t\t<\/article>\n\t\t\t\t<article class=\"elementor-post elementor-grid-item post-21762 post type-post status-publish format-standard hentry category-actualites-et-annonces-de-lohada-en tag-revue-de-lersuma entry\">\n\t\t\t\t<div class=\"elementor-post__text\">\n\t\t\t\t<h3 class=\"elementor-post__title\">\n\t\t\t<a href=\"https:\/\/www.ohada.org\/en\/contents-ersuma-review-n-9\/\" >\n\t\t\t\tCONTENTS ERSUMA REVIEW N \u00b0 9\t\t\t<\/a>\n\t\t<\/h3>\n\t\t\t\t<div class=\"elementor-post__excerpt\">\n\t\t\t<p>The English version of this content will be available.<\/p>\n\t\t<\/div>\n\t\t\n\t\t<a class=\"elementor-post__read-more\" href=\"https:\/\/www.ohada.org\/en\/contents-ersuma-review-n-9\/\" >\n\t\t\tRead more  \u00bb\t\t<\/a>\n\n\t\t\t\t<\/div>\n\t\t\t\t<\/article>\n\t\t\t\t<article class=\"elementor-post elementor-grid-item post-21807 post type-post status-publish format-standard hentry category-actualites-et-annonces-de-lohada-en tag-revue-de-lersuma entry\">\n\t\t\t\t<div class=\"elementor-post__text\">\n\t\t\t\t<h3 class=\"elementor-post__title\">\n\t\t\t<a href=\"https:\/\/www.ohada.org\/en\/contents-ersuma-review-n-10\/\" >\n\t\t\t\tCONTENTS ERSUMA REVIEW N \u00b0 10\t\t\t<\/a>\n\t\t<\/h3>\n\t\t\t\t<div class=\"elementor-post__excerpt\">\n\t\t\t\t\t<\/div>\n\t\t\n\t\t<a class=\"elementor-post__read-more\" href=\"https:\/\/www.ohada.org\/en\/contents-ersuma-review-n-10\/\" >\n\t\t\tRead more  \u00bb\t\t<\/a>\n\n\t\t\t\t<\/div>\n\t\t\t\t<\/article>\n\t\t\t\t<article class=\"elementor-post elementor-grid-item post-22038 post type-post status-publish format-standard hentry category-actualites-et-annonces-de-lohada-en tag-revue-de-lersuma entry\">\n\t\t\t\t<div class=\"elementor-post__text\">\n\t\t\t\t<h3 class=\"elementor-post__title\">\n\t\t\t<a href=\"https:\/\/www.ohada.org\/en\/call-for-papers\/\" >\n\t\t\t\tCALL FOR PAPERS\t\t\t<\/a>\n\t\t<\/h3>\n\t\t\t\t<div class=\"elementor-post__excerpt\">\n\t\t\t<p>\u00ab 12\u00e8me num\u00e9ro de la Revue de l\u2019ERSUMA \u00bb Le Centre de Recherche de l\u2019\u00c9cole R\u00e9gionale Sup\u00e9rieure de la Magistrature (CRERSUMA) lance un appel \u00e0<\/p>\n\t\t<\/div>\n\t\t\n\t\t<a class=\"elementor-post__read-more\" href=\"https:\/\/www.ohada.org\/en\/call-for-papers\/\" >\n\t\t\tRead more  \u00bb\t\t<\/a>\n\n\t\t\t\t<\/div>\n\t\t\t\t<\/article>\n\t\t\t\t<article class=\"elementor-post elementor-grid-item post-22134 post type-post status-publish format-standard has-post-thumbnail hentry category-actualites-et-annonces-de-lohada-en tag-actualite-en tag-actualite-ersuma tag-dernieres-annonces-en tag-revue-de-lersuma entry has-media\">\n\t\t\t\t<div class=\"elementor-post__text\">\n\t\t\t\t<h3 class=\"elementor-post__title\">\n\t\t\t<a href=\"https:\/\/www.ohada.org\/en\/ersuma-ohada-issue-of-number-10-of-the-ersuma-review\/\" >\n\t\t\t\tERSUMA &#8211; OHADA \/ ISSUE OF NUMBER 10 OF THE ERSUMA REVIEW\t\t\t<\/a>\n\t\t<\/h3>\n\t\t\t\t<div class=\"elementor-post__excerpt\">\n\t\t\t<p>The English version of this content will be available. L\u2019\u00c9cole R\u00e9gionale Sup\u00e9rieure de la Magistrature (ERSUMA) de l\u2019Organisation pour l\u2019Harmonisation en Afrique du Droit des<\/p>\n\t\t<\/div>\n\t\t\n\t\t<a class=\"elementor-post__read-more\" href=\"https:\/\/www.ohada.org\/en\/ersuma-ohada-issue-of-number-10-of-the-ersuma-review\/\" >\n\t\t\tRead more  \u00bb\t\t<\/a>\n\n\t\t\t\t<\/div>\n\t\t\t\t<\/article>\n\t\t\t\t<article class=\"elementor-post elementor-grid-item post-25047 post type-post status-publish format-standard has-post-thumbnail hentry category-actualites-et-annonces-de-lohada-en tag-actualite-en tag-actualite-ersuma tag-annonces-et-communiques-home tag-communiques-de-presse tag-dernieres-annonces-en tag-echos-de-nos-institutions tag-promotion-et-sensibilisation-home-fr tag-revue-de-lersuma entry has-media\">\n\t\t\t\t<div class=\"elementor-post__text\">\n\t\t\t\t<h3 class=\"elementor-post__title\">\n\t\t\t<a href=\"https:\/\/www.ohada.org\/en\/ersuma-ohada-issue-08-of-the-ersuma-review\/\" >\n\t\t\t\tERSUMA &#8211; OHADA \/ ISSUE 08 OF THE ERSUMA REVIEW\t\t\t<\/a>\n\t\t<\/h3>\n\t\t\t\t<div class=\"elementor-post__excerpt\">\n\t\t\t<p>L\u2019Ecole R\u00e9gionale Sup\u00e9rieure de la Magistrature (ERSUMA) de l\u2019Organisation pour l\u2019Harmonisation en Afrique du Droit des Affaires (OHADA) vous annonce la parution du n\u00b0 8<\/p>\n\t\t<\/div>\n\t\t\n\t\t<a class=\"elementor-post__read-more\" href=\"https:\/\/www.ohada.org\/en\/ersuma-ohada-issue-08-of-the-ersuma-review\/\" >\n\t\t\tRead more  \u00bb\t\t<\/a>\n\n\t\t\t\t<\/div>\n\t\t\t\t<\/article>\n\t\t\t\t<\/div>\n\n\n\t\t\n\t\t\t\t<\/div>\n\t\t\t\t<\/div>\n\t\t\t\t\t\t<\/div>\n\t\t\t\t\t<\/div>\n\t\t<\/div>\n\t\t\t\t\t\t\t\t<\/div>\n\t\t\t\t\t<\/div>\n\t\t<\/section>\n\t\t\t\t\t\t\t\t\t<\/div>\n\t\t\t<\/div>\n\t\t\t\t\t<\/div>\n\t\t","protected":false},"excerpt":{"rendered":"","protected":false},"author":20,"featured_media":0,"parent":0,"menu_order":0,"comment_status":"closed","ping_status":"closed","template":"","meta":{"_relevanssi_hide_post":"","_relevanssi_hide_content":"","_relevanssi_pin_for_all":"","_relevanssi_pin_keywords":"","_relevanssi_unpin_keywords":"","_relevanssi_related_keywords":"","_relevanssi_related_include_ids":"","_relevanssi_related_exclude_ids":"","_relevanssi_related_no_append":"","_relevanssi_related_not_related":"","_relevanssi_related_posts":"","_relevanssi_noindex_reason":"","footnotes":""},"acf":[],"_links":{"self":[{"href":"https:\/\/www.ohada.org\/en\/wp-json\/wp\/v2\/pages\/24125"}],"collection":[{"href":"https:\/\/www.ohada.org\/en\/wp-json\/wp\/v2\/pages"}],"about":[{"href":"https:\/\/www.ohada.org\/en\/wp-json\/wp\/v2\/types\/page"}],"author":[{"embeddable":true,"href":"https:\/\/www.ohada.org\/en\/wp-json\/wp\/v2\/users\/20"}],"replies":[{"embeddable":true,"href":"https:\/\/www.ohada.org\/en\/wp-json\/wp\/v2\/comments?post=24125"}],"version-history":[{"count":1,"href":"https:\/\/www.ohada.org\/en\/wp-json\/wp\/v2\/pages\/24125\/revisions"}],"predecessor-version":[{"id":24126,"href":"https:\/\/www.ohada.org\/en\/wp-json\/wp\/v2\/pages\/24125\/revisions\/24126"}],"wp:attachment":[{"href":"https:\/\/www.ohada.org\/en\/wp-json\/wp\/v2\/media?parent=24125"}],"curies":[{"name":"wp","href":"https:\/\/api.w.org\/{rel}","templated":true}]}}