{"id":24260,"date":"2020-10-23T17:16:29","date_gmt":"2020-10-23T15:16:29","guid":{"rendered":"https:\/\/www.ohada.org\/licitaciones-y-resultados\/"},"modified":"2020-11-04T16:43:24","modified_gmt":"2020-11-04T15:43:24","slug":"licitaciones-y-resultados","status":"publish","type":"page","link":"https:\/\/www.ohada.org\/es\/licitaciones-y-resultados\/","title":{"rendered":"Licitaciones y Resultados"},"content":{"rendered":"\t\t<div data-elementor-type=\"wp-page\" data-elementor-id=\"24260\" class=\"elementor elementor-24260 elementor-22505\">\n\t\t\t\t\t\t<div class=\"elementor-inner\">\n\t\t\t\t<div class=\"elementor-section-wrap\">\n\t\t\t\t\t\t\t\t\t<section data-particle_enable=\"false\" data-particle-mobile-disabled=\"false\" class=\"elementor-section elementor-top-section elementor-element elementor-element-db01bbc elementor-section-boxed elementor-section-height-default elementor-section-height-default\" data-id=\"db01bbc\" data-element_type=\"section\" data-settings=\"{&quot;ekit_has_onepagescroll_dot&quot;:&quot;yes&quot;}\">\n\t\t\t\t\t\t<div class=\"elementor-container elementor-column-gap-default\">\n\t\t\t\t\t\t\t<div class=\"elementor-row\">\n\t\t\t\t\t<div class=\"elementor-column elementor-col-100 elementor-top-column elementor-element elementor-element-7b543f3\" data-id=\"7b543f3\" data-element_type=\"column\">\n\t\t\t<div class=\"elementor-column-wrap elementor-element-populated\">\n\t\t\t\t\t\t\t<div class=\"elementor-widget-wrap\">\n\t\t\t\t\t\t<div class=\"elementor-element elementor-element-2ae335d elementor-grid-1 elementor-posts--thumbnail-left elementor-grid-tablet-2 elementor-grid-mobile-1 elementor-widget elementor-widget-posts\" data-id=\"2ae335d\" data-element_type=\"widget\" data-settings=\"{&quot;classic_columns&quot;:&quot;1&quot;,&quot;classic_row_gap&quot;:{&quot;unit&quot;:&quot;px&quot;,&quot;size&quot;:40,&quot;sizes&quot;:[]},&quot;classic_columns_tablet&quot;:&quot;2&quot;,&quot;classic_columns_mobile&quot;:&quot;1&quot;,&quot;classic_row_gap_tablet&quot;:{&quot;unit&quot;:&quot;px&quot;,&quot;size&quot;:&quot;&quot;,&quot;sizes&quot;:[]},&quot;classic_row_gap_mobile&quot;:{&quot;unit&quot;:&quot;px&quot;,&quot;size&quot;:&quot;&quot;,&quot;sizes&quot;:[]},&quot;ekit_we_effect_on&quot;:&quot;none&quot;}\" data-widget_type=\"posts.classic\">\n\t\t\t\t<div class=\"elementor-widget-container\">\n\t\t\t\t\t<div class=\"elementor-posts-container elementor-posts elementor-posts--skin-classic elementor-grid\">\n\t\t\t\t<article class=\"elementor-post elementor-grid-item post-21612 post type-post status-publish format-standard hentry category-actualites-et-annonces-de-lohada-es tag-annonces-accueil tag-appels-doffres tag-dernieres-annonces-es entry\">\n\t\t\t\t<div class=\"elementor-post__text\">\n\t\t\t\t<h3 class=\"elementor-post__title\">\n\t\t\t<a href=\"https:\/\/www.ohada.org\/es\/aviso-nacional-abierto-de-apelacion\/\" >\n\t\t\t\tAviso nacional abierto de apelaci\u00f3n\t\t\t<\/a>\n\t\t<\/h3>\n\t\t\t\t<div class=\"elementor-post__excerpt\">\n\t\t\t<p>La versi\u00f3n en espa\u00f1ol de este contenido estar\u00e1 disponible pr\u00f3ximamente. Travaux d\u2019am\u00e9nagement au SPO \u00e0 Yaound\u00e9 Le Secr\u00e9tariat Permanent de l\u2019Organisation pour l\u2019Harmonisation en Afrique<\/p>\n\t\t<\/div>\n\t\t\n\t\t<a class=\"elementor-post__read-more\" href=\"https:\/\/www.ohada.org\/es\/aviso-nacional-abierto-de-apelacion\/\" >\n\t\t\tLee mas \u00bb\t\t<\/a>\n\n\t\t\t\t<\/div>\n\t\t\t\t<\/article>\n\t\t\t\t<article class=\"elementor-post elementor-grid-item post-21850 post type-post status-publish format-standard hentry category-actualites-et-annonces-de-lohada-es tag-appels-doffres tag-echos-de-nos-institutions tag-promotion-et-sensibilisation-home-fr entry\">\n\t\t\t\t<div class=\"elementor-post__text\">\n\t\t\t\t<h3 class=\"elementor-post__title\">\n\t\t\t<a href=\"https:\/\/www.ohada.org\/es\/asmi-para-la-seleccion-de-una-empresa-de-comunicaciones-para-apoyar-el-desarrollo-e-implementacion-de-una-estrategia-de-comunicaciones-de-ohada-2020-2025\/\" >\n\t\t\t\tASMI para la selecci\u00f3n de una empresa de comunicaciones para apoyar el desarrollo e implementaci\u00f3n de una estrategia de comunicaciones de OHADA &#8211; 2020-2025\t\t\t<\/a>\n\t\t<\/h3>\n\t\t\t\t<div class=\"elementor-post__excerpt\">\n\t\t\t<p>La versi\u00f3n en espa\u00f1ol de este contenido estar\u00e1 disponible pr\u00f3ximamente. N\u00b0 de r\u00e9f\u00e9rence : \u00a0\u00a0CM-OHADA-96353-CS-QCBS Projet d\u2019Am\u00e9lioration du Climat des Investissements au sein de l\u2019espace<\/p>\n\t\t<\/div>\n\t\t\n\t\t<a class=\"elementor-post__read-more\" href=\"https:\/\/www.ohada.org\/es\/asmi-para-la-seleccion-de-una-empresa-de-comunicaciones-para-apoyar-el-desarrollo-e-implementacion-de-una-estrategia-de-comunicaciones-de-ohada-2020-2025\/\" >\n\t\t\tLee mas \u00bb\t\t<\/a>\n\n\t\t\t\t<\/div>\n\t\t\t\t<\/article>\n\t\t\t\t<article class=\"elementor-post elementor-grid-item post-22225 post type-post status-publish format-standard hentry category-actualites-et-annonces-de-lohada-es tag-appels-doffres tag-dernieres-annonces-es tag-promotion-et-sensibilisation-home-fr entry\">\n\t\t\t\t<div class=\"elementor-post__text\">\n\t\t\t\t<h3 class=\"elementor-post__title\">\n\t\t\t<a href=\"https:\/\/www.ohada.org\/es\/asmi-para-la-seleccion-de-una-empresa-responsable-de-realizar-un-estudio-exploratorio-y-un-proyecto-de-ley-uniforme-relativa-a-las-transacciones-electronicas\/\" >\n\t\t\t\tASMI para la selecci\u00f3n de una empresa responsable de realizar un estudio exploratorio y un proyecto de ley uniforme relativa a las transacciones electr\u00f3nicas\t\t\t<\/a>\n\t\t<\/h3>\n\t\t\t\t<div class=\"elementor-post__excerpt\">\n\t\t\t<p>La versi\u00f3n en espa\u00f1ol de este contenido estar\u00e1 disponible pr\u00f3ximamente. Avis d\u2019appel de manifestations d\u2019int\u00e9r\u00eat pour la s\u00e9lection d\u2019un cabinet charg\u00e9 de r\u00e9aliser une \u00e9tude<\/p>\n\t\t<\/div>\n\t\t\n\t\t<a class=\"elementor-post__read-more\" href=\"https:\/\/www.ohada.org\/es\/asmi-para-la-seleccion-de-una-empresa-responsable-de-realizar-un-estudio-exploratorio-y-un-proyecto-de-ley-uniforme-relativa-a-las-transacciones-electronicas\/\" >\n\t\t\tLee mas \u00bb\t\t<\/a>\n\n\t\t\t\t<\/div>\n\t\t\t\t<\/article>\n\t\t\t\t<article class=\"elementor-post elementor-grid-item post-22303 post type-post status-publish format-standard hentry category-actualites-et-annonces-de-lohada-es tag-actualite-cccja tag-actualite-ersuma tag-actualite-sp-es tag-appels-doffres tag-dernieres-annonces-es entry\">\n\t\t\t\t<div class=\"elementor-post__text\">\n\t\t\t\t<h3 class=\"elementor-post__title\">\n\t\t\t<a href=\"https:\/\/www.ohada.org\/es\/aviso-de-convocatoria-para-el-suministro-y-actualizacion-de-las-normas-de-sala-tecnica-y-redes-de-baja-corriente-de-la-corte-comun-de-justicia-y-arbitraje-ccja\/\" >\n\t\t\t\tAVISO DE CONVOCATORIA PARA EL SUMINISTRO Y ACTUALIZACI\u00d3N DE LAS NORMAS DE SALA T\u00c9CNICA Y REDES DE BAJA CORRIENTE DE LA CORTE COM\u00daN DE JUSTICIA Y ARBITRAJE (CCJA)\t\t\t<\/a>\n\t\t<\/h3>\n\t\t\t\t<div class=\"elementor-post__excerpt\">\n\t\t\t<p>La versi\u00f3n en espa\u00f1ol de este contenido estar\u00e1 disponible pr\u00f3ximamente. N\u00b0 de r\u00e9f\u00e9rence :&nbsp; CM-OHADA-97183-GO-RFQ Projet d\u2019Am\u00e9lioration du Climat des Investissements au sein de l\u2019espace<\/p>\n\t\t<\/div>\n\t\t\n\t\t<a class=\"elementor-post__read-more\" href=\"https:\/\/www.ohada.org\/es\/aviso-de-convocatoria-para-el-suministro-y-actualizacion-de-las-normas-de-sala-tecnica-y-redes-de-baja-corriente-de-la-corte-comun-de-justicia-y-arbitraje-ccja\/\" >\n\t\t\tLee mas \u00bb\t\t<\/a>\n\n\t\t\t\t<\/div>\n\t\t\t\t<\/article>\n\t\t\t\t<article class=\"elementor-post elementor-grid-item post-22297 post type-post status-publish format-standard hentry category-actualites-et-annonces-de-lohada-es tag-actualite-cccja tag-actualite-ersuma tag-actualite-sp-es tag-appels-doffres tag-dernieres-annonces-es entry\">\n\t\t\t\t<div class=\"elementor-post__text\">\n\t\t\t\t<h3 class=\"elementor-post__title\">\n\t\t\t<a href=\"https:\/\/www.ohada.org\/es\/aviso-de-solicitud-de-precio-para-la-adjudicacion-de-contratos-de-suministros-y-servicios-no-intelectuales-procedimiento-de-sobre-unico\/\" >\n\t\t\t\tAVISO DE SOLICITUD DE PRECIO PARA LA ADJUDICACI\u00d3N DE CONTRATOS DE SUMINISTROS Y SERVICIOS NO INTELECTUALES (Procedimiento de sobre \u00fanico)\t\t\t<\/a>\n\t\t<\/h3>\n\t\t\t\t<div class=\"elementor-post__excerpt\">\n\t\t\t<p>La versi\u00f3n en espa\u00f1ol de este contenido estar\u00e1 disponible pr\u00f3ximamente. N\u00b0 de r\u00e9f\u00e9rence :&nbsp; CM-OHADA-96343-GO-RFQ Projet d\u2019Am\u00e9lioration du Climat des Investissements au sein de l\u2019espace<\/p>\n\t\t<\/div>\n\t\t\n\t\t<a class=\"elementor-post__read-more\" href=\"https:\/\/www.ohada.org\/es\/aviso-de-solicitud-de-precio-para-la-adjudicacion-de-contratos-de-suministros-y-servicios-no-intelectuales-procedimiento-de-sobre-unico\/\" >\n\t\t\tLee mas \u00bb\t\t<\/a>\n\n\t\t\t\t<\/div>\n\t\t\t\t<\/article>\n\t\t\t\t<article class=\"elementor-post elementor-grid-item post-22330 post type-post status-publish format-standard hentry category-actualites-et-annonces-de-lohada-es tag-appels-doffres tag-dernieres-annonces-es tag-echos-de-nos-institutions tag-echos-des-etats-parties tag-echos-des-etats-parties-home tag-promotion-et-sensibilisation-home-fr entry\">\n\t\t\t\t<div class=\"elementor-post__text\">\n\t\t\t\t<h3 class=\"elementor-post__title\">\n\t\t\t<a href=\"https:\/\/www.ohada.org\/es\/asmi-n-cm-ohada-97170-cs-qcbs-para-la-seleccion-de-un-gabinete-a-cargo-de-la-preparacion-de-una-legislacion-comun-a-los-estados-miembros-de-la-ohada-sobre-conflictos-de-leyes\/\" >\n\t\t\t\tASMI N \u00b0 CM-OHADA-97170-CS-QCBS PARA LA SELECCI\u00d3N DE UN GABINETE A CARGO DE LA PREPARACI\u00d3N DE UNA LEGISLACI\u00d3N COM\u00daN A LOS ESTADOS MIEMBROS DE LA OHADA SOBRE CONFLICTOS DE LEYES\t\t\t<\/a>\n\t\t<\/h3>\n\t\t\t\t<div class=\"elementor-post__excerpt\">\n\t\t\t<p>La versi\u00f3n en espa\u00f1ol de este contenido estar\u00e1 disponible pr\u00f3ximamente. AVIS DE SOLLICITATION DE MANIFESTATIONS D\u2019INTERET POUR LA SELECTION D\u2019UN CABINET CHARGE DE L\u2019\u00c9LABORATION D\u2019UNE<\/p>\n\t\t<\/div>\n\t\t\n\t\t<a class=\"elementor-post__read-more\" href=\"https:\/\/www.ohada.org\/es\/asmi-n-cm-ohada-97170-cs-qcbs-para-la-seleccion-de-un-gabinete-a-cargo-de-la-preparacion-de-una-legislacion-comun-a-los-estados-miembros-de-la-ohada-sobre-conflictos-de-leyes\/\" >\n\t\t\tLee mas \u00bb\t\t<\/a>\n\n\t\t\t\t<\/div>\n\t\t\t\t<\/article>\n\t\t\t\t<article class=\"elementor-post elementor-grid-item post-22389 post type-post status-publish format-standard has-post-thumbnail hentry category-actualites-et-annonces-de-lohada-es tag-appels-doffres tag-dernieres-annonces-es tag-echos-des-etats-parties tag-echos-des-etats-parties-home entry has-media\">\n\t\t\t\t<a class=\"elementor-post__thumbnail__link\" href=\"https:\/\/www.ohada.org\/es\/convocatoria-de-expresiones-de-interes-n-002-2019-ohada-cm-afd-rccm-relativa-al-suministro-de-equipos-y-cableado-de-la-red-informatica-y-electrica-para-la-modernizacion-del-rccm-en-camerun\/\" >\n\t\t\t<div class=\"elementor-post__thumbnail\"><img loading=\"lazy\" decoding=\"async\" width=\"213\" height=\"300\" src=\"https:\/\/www.ohada.org\/wp-content\/uploads\/2020\/10\/formation-RDC-213x300.png\" class=\"attachment-medium size-medium\" alt=\"\" \/><\/div>\n\t\t<\/a>\n\t\t\t\t<div class=\"elementor-post__text\">\n\t\t\t\t<h3 class=\"elementor-post__title\">\n\t\t\t<a href=\"https:\/\/www.ohada.org\/es\/convocatoria-de-expresiones-de-interes-n-002-2019-ohada-cm-afd-rccm-relativa-al-suministro-de-equipos-y-cableado-de-la-red-informatica-y-electrica-para-la-modernizacion-del-rccm-en-camerun\/\" >\n\t\t\t\tConvocatoria de Expresiones de Inter\u00e9s N \u00b0 002\/2019 \/ OHADA-CM-AFD \/ RCCM relativa al suministro de equipos y cableado de la red inform\u00e1tica y el\u00e9ctrica para la modernizaci\u00f3n del RCCM en Camer\u00fan\t\t\t<\/a>\n\t\t<\/h3>\n\t\t\t\t<div class=\"elementor-post__excerpt\">\n\t\t\t<p>La versi\u00f3n en espa\u00f1ol de este contenido estar\u00e1 disponible pr\u00f3ximamente. Avis d\u2019Appel \u00e0 Manifestation d\u2019Int\u00e9r\u00eat N\u00b0 002\/2019\/OHADA-CM-AFD\/RCCM du 09\/09\/2019 pour la fourniture du mat\u00e9riel et<\/p>\n\t\t<\/div>\n\t\t\n\t\t<a class=\"elementor-post__read-more\" href=\"https:\/\/www.ohada.org\/es\/convocatoria-de-expresiones-de-interes-n-002-2019-ohada-cm-afd-rccm-relativa-al-suministro-de-equipos-y-cableado-de-la-red-informatica-y-electrica-para-la-modernizacion-del-rccm-en-camerun\/\" >\n\t\t\tLee mas \u00bb\t\t<\/a>\n\n\t\t\t\t<\/div>\n\t\t\t\t<\/article>\n\t\t\t\t<article class=\"elementor-post elementor-grid-item post-22387 post type-post status-publish format-standard hentry category-actualites-et-annonces-de-lohada-es tag-appels-doffres tag-dernieres-annonces-es tag-echos-des-etats-parties tag-echos-des-etats-parties-home tag-informatisation-rccm entry\">\n\t\t\t\t<div class=\"elementor-post__text\">\n\t\t\t\t<h3 class=\"elementor-post__title\">\n\t\t\t<a href=\"https:\/\/www.ohada.org\/es\/convocatoria-de-expresiones-de-interes-n-001-2019-ohada-cm-afd-rccm-relativa-al-suministro-de-equipos-informaticos-para-la-modernizacion-de-la-rccm-en-camerun\/\" >\n\t\t\t\tConvocatoria de Expresiones de Inter\u00e9s N \u00b0 001\/2019 \/ OHADA-CM-AFD \/ RCCM relativa al suministro de equipos inform\u00e1ticos para la modernizaci\u00f3n de la RCCM en Camer\u00fan\t\t\t<\/a>\n\t\t<\/h3>\n\t\t\t\t<div class=\"elementor-post__excerpt\">\n\t\t\t<p>La versi\u00f3n en espa\u00f1ol de este contenido estar\u00e1 disponible pr\u00f3ximamente. Avis d\u2019Appel \u00e0 Manifestation d\u2019Int\u00e9r\u00eat N\u00b0 001\/2019\/OHADA-CM-AFD\/RCCM du 09\/09\/2019 relatif \u00e0 la fourniture du mat\u00e9riel<\/p>\n\t\t<\/div>\n\t\t\n\t\t<a class=\"elementor-post__read-more\" href=\"https:\/\/www.ohada.org\/es\/convocatoria-de-expresiones-de-interes-n-001-2019-ohada-cm-afd-rccm-relativa-al-suministro-de-equipos-informaticos-para-la-modernizacion-de-la-rccm-en-camerun\/\" >\n\t\t\tLee mas \u00bb\t\t<\/a>\n\n\t\t\t\t<\/div>\n\t\t\t\t<\/article>\n\t\t\t\t<article class=\"elementor-post elementor-grid-item post-22395 post type-post status-publish format-standard hentry category-actualites-et-annonces-de-lohada-es tag-actualite-cccja tag-actualite-ersuma tag-actualite-sp-es tag-appels-doffres tag-dernieres-annonces-es entry\">\n\t\t\t\t<div class=\"elementor-post__text\">\n\t\t\t\t<h3 class=\"elementor-post__title\">\n\t\t\t<a href=\"https:\/\/www.ohada.org\/es\/asmi-para-la-seleccion-de-una-firma-encargada-de-llevar-a-cabo-el-desarrollo-de-un-software-integrado-para-la-gestion-de-los-archivos-de-ohada\/\" >\n\t\t\t\tASMI PARA LA SELECCI\u00d3N DE UNA FIRMA ENCARGADA DE LLEVAR A CABO EL DESARROLLO DE UN SOFTWARE INTEGRADO PARA LA GESTI\u00d3N DE LOS ARCHIVOS DE OHADA\t\t\t<\/a>\n\t\t<\/h3>\n\t\t\t\t<div class=\"elementor-post__excerpt\">\n\t\t\t<p>La versi\u00f3n en espa\u00f1ol de este contenido estar\u00e1 disponible pr\u00f3ximamente. N\u00b0 de r\u00e9f\u00e9rence : &nbsp;&nbsp;CM-OHADA-96358-CS-QCBS Projet d\u2019Am\u00e9lioration du Climat des Investissements au sein de l\u2019espace<\/p>\n\t\t<\/div>\n\t\t\n\t\t<a class=\"elementor-post__read-more\" href=\"https:\/\/www.ohada.org\/es\/asmi-para-la-seleccion-de-una-firma-encargada-de-llevar-a-cabo-el-desarrollo-de-un-software-integrado-para-la-gestion-de-los-archivos-de-ohada\/\" >\n\t\t\tLee mas \u00bb\t\t<\/a>\n\n\t\t\t\t<\/div>\n\t\t\t\t<\/article>\n\t\t\t\t<article class=\"elementor-post elementor-grid-item post-21996 post type-post status-publish format-standard hentry category-actualites-et-annonces-de-lohada-es tag-appels-doffres tag-dernieres-annonces-es tag-echos-de-nos-institutions tag-echos-des-etats-parties tag-echos-des-etats-parties-home entry\">\n\t\t\t\t<div class=\"elementor-post__text\">\n\t\t\t\t<h3 class=\"elementor-post__title\">\n\t\t\t<a href=\"https:\/\/www.ohada.org\/es\/aviso-de-solicitud-de-expresiones-de-interes-para-la-seleccion-de-empresa-encargada-del-desarrollo-e-implementacion-de-una-solucion-de-software-integrada-para-la-gestion-de-archivos-ccja-ohada\/\" >\n\t\t\t\tAVISO DE SOLICITUD DE EXPRESIONES DE INTER\u00c9S PARA LA SELECCI\u00d3N DE EMPRESA ENCARGADA DEL DESARROLLO E IMPLEMENTACI\u00d3N DE UNA SOLUCI\u00d3N DE SOFTWARE INTEGRADA PARA LA GESTI\u00d3N DE ARCHIVOS CCJA-OHADA\t\t\t<\/a>\n\t\t<\/h3>\n\t\t\t\t<div class=\"elementor-post__excerpt\">\n\t\t\t<p>&nbsp;La versi\u00f3n en espa\u00f1ol de este contenido estar\u00e1 disponible pr\u00f3ximamente AVIS DE SOLLICITATION DE MANIFESTATIONS D\u2019INT\u00c9R\u00caT POUR LA S\u00c9LECTION D\u2019UN CABINET CHARGE DE R\u00c9ALISER LE<\/p>\n\t\t<\/div>\n\t\t\n\t\t<a class=\"elementor-post__read-more\" href=\"https:\/\/www.ohada.org\/es\/aviso-de-solicitud-de-expresiones-de-interes-para-la-seleccion-de-empresa-encargada-del-desarrollo-e-implementacion-de-una-solucion-de-software-integrada-para-la-gestion-de-archivos-ccja-ohada\/\" >\n\t\t\tLee mas \u00bb\t\t<\/a>\n\n\t\t\t\t<\/div>\n\t\t\t\t<\/article>\n\t\t\t\t<\/div>\n\n\n\t\t\n\t\t\t\t<div class=\"e-load-more-anchor\" data-page=\"1\" data-max-page=\"2\" data-next-page=\"https:\/\/www.ohada.org\/es\/wp-json\/wp\/v2\/pages\/24260\/page\/2\/\"><\/div>\n\t\t\t\t<nav class=\"elementor-pagination\" role=\"navigation\" aria-label=\"Paginaci\u00f3n\">\n\t\t\t<span class=\"page-numbers prev\">&laquo; Anterior<\/span>\n<span aria-current=\"page\" class=\"page-numbers current\"><span class=\"elementor-screen-only\">P\u00e1gina<\/span>1<\/span>\n<a class=\"page-numbers\" href=\"https:\/\/www.ohada.org\/es\/wp-json\/wp\/v2\/pages\/24260\/page\/2\/\"><span class=\"elementor-screen-only\">P\u00e1gina<\/span>2<\/a>\n<a class=\"page-numbers next\" href=\"https:\/\/www.ohada.org\/es\/wp-json\/wp\/v2\/pages\/24260\/page\/2\/\">Pr\u00f3ximo &raquo;<\/a>\t\t<\/nav>\n\t\t\t\t<\/div>\n\t\t\t\t<\/div>\n\t\t\t\t\t\t<\/div>\n\t\t\t\t\t<\/div>\n\t\t<\/div>\n\t\t\t\t\t\t\t\t<\/div>\n\t\t\t\t\t<\/div>\n\t\t<\/section>\n\t\t\t\t\t\t\t\t\t<\/div>\n\t\t\t<\/div>\n\t\t\t\t\t<\/div>\n\t\t","protected":false},"excerpt":{"rendered":"","protected":false},"author":20,"featured_media":0,"parent":0,"menu_order":0,"comment_status":"closed","ping_status":"closed","template":"","meta":{"_relevanssi_hide_post":"","_relevanssi_hide_content":"","_relevanssi_pin_for_all":"","_relevanssi_pin_keywords":"","_relevanssi_unpin_keywords":"","_relevanssi_related_keywords":"","_relevanssi_related_include_ids":"","_relevanssi_related_exclude_ids":"","_relevanssi_related_no_append":"","_relevanssi_related_not_related":"","_relevanssi_related_posts":"","_relevanssi_noindex_reason":"","footnotes":""},"acf":[],"_links":{"self":[{"href":"https:\/\/www.ohada.org\/es\/wp-json\/wp\/v2\/pages\/24260"}],"collection":[{"href":"https:\/\/www.ohada.org\/es\/wp-json\/wp\/v2\/pages"}],"about":[{"href":"https:\/\/www.ohada.org\/es\/wp-json\/wp\/v2\/types\/page"}],"author":[{"embeddable":true,"href":"https:\/\/www.ohada.org\/es\/wp-json\/wp\/v2\/users\/20"}],"replies":[{"embeddable":true,"href":"https:\/\/www.ohada.org\/es\/wp-json\/wp\/v2\/comments?post=24260"}],"version-history":[{"count":1,"href":"https:\/\/www.ohada.org\/es\/wp-json\/wp\/v2\/pages\/24260\/revisions"}],"predecessor-version":[{"id":24261,"href":"https:\/\/www.ohada.org\/es\/wp-json\/wp\/v2\/pages\/24260\/revisions\/24261"}],"wp:attachment":[{"href":"https:\/\/www.ohada.org\/es\/wp-json\/wp\/v2\/media?parent=24260"}],"curies":[{"name":"wp","href":"https:\/\/api.w.org\/{rel}","templated":true}]}}