{"id":24243,"date":"2020-10-26T11:32:56","date_gmt":"2020-10-26T10:32:56","guid":{"rendered":"https:\/\/www.ohada.org\/revisao-ersuma\/"},"modified":"2020-10-27T17:08:31","modified_gmt":"2020-10-27T16:08:31","slug":"revisao-ersuma","status":"publish","type":"page","link":"https:\/\/www.ohada.org\/pt-pt\/revisao-ersuma\/","title":{"rendered":"Revis\u00e3o ERSUMA"},"content":{"rendered":"\t\t<div data-elementor-type=\"wp-page\" data-elementor-id=\"24243\" class=\"elementor elementor-24243 elementor-23119\">\n\t\t\t\t\t\t<div class=\"elementor-inner\">\n\t\t\t\t<div class=\"elementor-section-wrap\">\n\t\t\t\t\t\t\t\t\t<section data-particle_enable=\"false\" data-particle-mobile-disabled=\"false\" class=\"elementor-section elementor-top-section elementor-element elementor-element-486406d elementor-section-boxed elementor-section-height-default elementor-section-height-default\" data-id=\"486406d\" data-element_type=\"section\" data-settings=\"{&quot;ekit_has_onepagescroll_dot&quot;:&quot;yes&quot;}\">\n\t\t\t\t\t\t<div class=\"elementor-container elementor-column-gap-default\">\n\t\t\t\t\t\t\t<div class=\"elementor-row\">\n\t\t\t\t\t<div class=\"elementor-column elementor-col-100 elementor-top-column elementor-element elementor-element-39aa135\" data-id=\"39aa135\" data-element_type=\"column\">\n\t\t\t<div class=\"elementor-column-wrap elementor-element-populated\">\n\t\t\t\t\t\t\t<div class=\"elementor-widget-wrap\">\n\t\t\t\t\t\t<div class=\"elementor-element elementor-element-1f7bade elementor-grid-1 elementor-grid-tablet-2 elementor-grid-mobile-1 elementor-posts--thumbnail-top elementor-widget elementor-widget-posts\" data-id=\"1f7bade\" data-element_type=\"widget\" data-settings=\"{&quot;classic_columns&quot;:&quot;1&quot;,&quot;classic_row_gap&quot;:{&quot;unit&quot;:&quot;px&quot;,&quot;size&quot;:40,&quot;sizes&quot;:[]},&quot;classic_columns_tablet&quot;:&quot;2&quot;,&quot;classic_columns_mobile&quot;:&quot;1&quot;,&quot;classic_row_gap_tablet&quot;:{&quot;unit&quot;:&quot;px&quot;,&quot;size&quot;:&quot;&quot;,&quot;sizes&quot;:[]},&quot;classic_row_gap_mobile&quot;:{&quot;unit&quot;:&quot;px&quot;,&quot;size&quot;:&quot;&quot;,&quot;sizes&quot;:[]},&quot;ekit_we_effect_on&quot;:&quot;none&quot;}\" data-widget_type=\"posts.classic\">\n\t\t\t\t<div class=\"elementor-widget-container\">\n\t\t\t\t\t<div class=\"elementor-posts-container elementor-posts elementor-posts--skin-classic elementor-grid\">\n\t\t\t\t<article class=\"elementor-post elementor-grid-item post-21725 post type-post status-publish format-standard hentry category-actualites-et-annonces-de-lohada-pt-pt tag-revue-de-lersuma entry\">\n\t\t\t\t<div class=\"elementor-post__text\">\n\t\t\t\t<h3 class=\"elementor-post__title\">\n\t\t\t<a href=\"https:\/\/www.ohada.org\/pt-pt\/conteudo-revisao-ersuma-n-11\/\" >\n\t\t\t\tCONTE\u00daDO REVIS\u00c3O ERSUMA N \u00b0 11\t\t\t<\/a>\n\t\t<\/h3>\n\t\t\t\t<div class=\"elementor-post__excerpt\">\n\t\t\t<p>A vers\u00e3o em portugu\u00eas deste conte\u00fado estar\u00e1 dispon\u00edvel em breve.<\/p>\n\t\t<\/div>\n\t\t\n\t\t<a class=\"elementor-post__read-more\" href=\"https:\/\/www.ohada.org\/pt-pt\/conteudo-revisao-ersuma-n-11\/\" >\n\t\t\tLer mais... \u00bb\t\t<\/a>\n\n\t\t\t\t<\/div>\n\t\t\t\t<\/article>\n\t\t\t\t<article class=\"elementor-post elementor-grid-item post-21753 post type-post status-publish format-standard hentry category-actualites-et-annonces-de-lohada-pt-pt tag-revue-de-lersuma entry\">\n\t\t\t\t<div class=\"elementor-post__text\">\n\t\t\t\t<h3 class=\"elementor-post__title\">\n\t\t\t<a href=\"https:\/\/www.ohada.org\/pt-pt\/ersuma-revisar-cupom-de-assinatura\/\" >\n\t\t\t\tERSUMA REVISAR cupom de assinatura\t\t\t<\/a>\n\t\t<\/h3>\n\t\t\t\t<div class=\"elementor-post__excerpt\">\n\t\t\t\t\t<\/div>\n\t\t\n\t\t<a class=\"elementor-post__read-more\" href=\"https:\/\/www.ohada.org\/pt-pt\/ersuma-revisar-cupom-de-assinatura\/\" >\n\t\t\tLer mais... \u00bb\t\t<\/a>\n\n\t\t\t\t<\/div>\n\t\t\t\t<\/article>\n\t\t\t\t<article class=\"elementor-post elementor-grid-item post-21767 post type-post status-publish format-standard hentry category-actualites-et-annonces-de-lohada-pt-pt tag-revue-de-lersuma entry\">\n\t\t\t\t<div class=\"elementor-post__text\">\n\t\t\t\t<h3 class=\"elementor-post__title\">\n\t\t\t<a href=\"https:\/\/www.ohada.org\/pt-pt\/conteudo-revisao-da-ersuma-n-9\/\" >\n\t\t\t\tCONTE\u00daDO REVIS\u00c3O DA ERSUMA N \u00b0 9\t\t\t<\/a>\n\t\t<\/h3>\n\t\t\t\t<div class=\"elementor-post__excerpt\">\n\t\t\t<p>A vers\u00e3o em portugu\u00eas deste conte\u00fado estar\u00e1 dispon\u00edvel em breve.<\/p>\n\t\t<\/div>\n\t\t\n\t\t<a class=\"elementor-post__read-more\" href=\"https:\/\/www.ohada.org\/pt-pt\/conteudo-revisao-da-ersuma-n-9\/\" >\n\t\t\tLer mais... \u00bb\t\t<\/a>\n\n\t\t\t\t<\/div>\n\t\t\t\t<\/article>\n\t\t\t\t<article class=\"elementor-post elementor-grid-item post-21809 post type-post status-publish format-standard hentry category-actualites-et-annonces-de-lohada-pt-pt tag-revue-de-lersuma entry\">\n\t\t\t\t<div class=\"elementor-post__text\">\n\t\t\t\t<h3 class=\"elementor-post__title\">\n\t\t\t<a href=\"https:\/\/www.ohada.org\/pt-pt\/conteudo-revisao-da-ersuma-n-10\/\" >\n\t\t\t\tCONTE\u00daDO REVIS\u00c3O DA ERSUMA N \u00b0 10\t\t\t<\/a>\n\t\t<\/h3>\n\t\t\t\t<div class=\"elementor-post__excerpt\">\n\t\t\t\t\t<\/div>\n\t\t\n\t\t<a class=\"elementor-post__read-more\" href=\"https:\/\/www.ohada.org\/pt-pt\/conteudo-revisao-da-ersuma-n-10\/\" >\n\t\t\tLer mais... \u00bb\t\t<\/a>\n\n\t\t\t\t<\/div>\n\t\t\t\t<\/article>\n\t\t\t\t<article class=\"elementor-post elementor-grid-item post-22040 post type-post status-publish format-standard hentry category-actualites-et-annonces-de-lohada-pt-pt tag-revue-de-lersuma entry\">\n\t\t\t\t<div class=\"elementor-post__text\">\n\t\t\t\t<h3 class=\"elementor-post__title\">\n\t\t\t<a href=\"https:\/\/www.ohada.org\/pt-pt\/apelo-as-contribuicoes\/\" >\n\t\t\t\tAPELO \u00c0S CONTRIBUI\u00c7\u00d5ES\t\t\t<\/a>\n\t\t<\/h3>\n\t\t\t\t<div class=\"elementor-post__excerpt\">\n\t\t\t<p>&#8220;12\u00aa edi\u00e7\u00e3o da Revista da ERSUMA&#8221; O Centro de Investiga\u00e7\u00e3o da Escola Regional Superior da Magistratura (CRERSUMA lan\u00e7a um apelo \u00e0s contribui\u00e7\u00f5es para a 12\u00aa<\/p>\n\t\t<\/div>\n\t\t\n\t\t<a class=\"elementor-post__read-more\" href=\"https:\/\/www.ohada.org\/pt-pt\/apelo-as-contribuicoes\/\" >\n\t\t\tLer mais... \u00bb\t\t<\/a>\n\n\t\t\t\t<\/div>\n\t\t\t\t<\/article>\n\t\t\t\t<article class=\"elementor-post elementor-grid-item post-22136 post type-post status-publish format-standard has-post-thumbnail hentry category-actualites-et-annonces-de-lohada-pt-pt tag-actualite-ersuma tag-actualite-pt tag-dernieres-annonces-pt tag-revue-de-lersuma entry has-media\">\n\t\t\t\t<div class=\"elementor-post__text\">\n\t\t\t\t<h3 class=\"elementor-post__title\">\n\t\t\t<a href=\"https:\/\/www.ohada.org\/pt-pt\/ersuma-ohada-edicao-10-da-revisao-ersuma\/\" >\n\t\t\t\tERSUMA &#8211; OHADA \/ EDI\u00c7\u00c3O 10 DA REVIS\u00c3O ERSUMA\t\t\t<\/a>\n\t\t<\/h3>\n\t\t\t\t<div class=\"elementor-post__excerpt\">\n\t\t\t<p>A vers\u00e3o em portugu\u00eas deste conte\u00fado estar\u00e1 dispon\u00edvel em breve. L\u2019\u00c9cole R\u00e9gionale Sup\u00e9rieure de la Magistrature (ERSUMA) de l\u2019Organisation pour l\u2019Harmonisation en Afrique du Droit<\/p>\n\t\t<\/div>\n\t\t\n\t\t<a class=\"elementor-post__read-more\" href=\"https:\/\/www.ohada.org\/pt-pt\/ersuma-ohada-edicao-10-da-revisao-ersuma\/\" >\n\t\t\tLer mais... \u00bb\t\t<\/a>\n\n\t\t\t\t<\/div>\n\t\t\t\t<\/article>\n\t\t\t\t<article class=\"elementor-post elementor-grid-item post-25049 post type-post status-publish format-standard has-post-thumbnail hentry category-actualites-et-annonces-de-lohada-pt-pt tag-actualite-ersuma tag-actualite-pt tag-annonces-et-communiques-home tag-communiques-de-presse tag-dernieres-annonces-pt tag-echos-de-nos-institutions tag-promotion-et-sensibilisation-home-fr tag-revue-de-lersuma entry has-media\">\n\t\t\t\t<div class=\"elementor-post__text\">\n\t\t\t\t<h3 class=\"elementor-post__title\">\n\t\t\t<a href=\"https:\/\/www.ohada.org\/pt-pt\/ersuma-ohada-edicao-08-da-revisao-ersuma\/\" >\n\t\t\t\tERSUMA &#8211; OHADA \/ EDI\u00c7\u00c3O 08 DA REVIS\u00c3O ERSUMA\t\t\t<\/a>\n\t\t<\/h3>\n\t\t\t\t<div class=\"elementor-post__excerpt\">\n\t\t\t<p>A vers\u00e3o em portugu\u00eas deste conte\u00fado estar\u00e1 dispon\u00edvel em breve. L\u2019Ecole R\u00e9gionale Sup\u00e9rieure de la Magistrature (ERSUMA) de l\u2019Organisation pour l\u2019Harmonisation en Afrique du Droit<\/p>\n\t\t<\/div>\n\t\t\n\t\t<a class=\"elementor-post__read-more\" href=\"https:\/\/www.ohada.org\/pt-pt\/ersuma-ohada-edicao-08-da-revisao-ersuma\/\" >\n\t\t\tLer mais... \u00bb\t\t<\/a>\n\n\t\t\t\t<\/div>\n\t\t\t\t<\/article>\n\t\t\t\t<\/div>\n\n\n\t\t\n\t\t\t\t<\/div>\n\t\t\t\t<\/div>\n\t\t\t\t\t\t<\/div>\n\t\t\t\t\t<\/div>\n\t\t<\/div>\n\t\t\t\t\t\t\t\t<\/div>\n\t\t\t\t\t<\/div>\n\t\t<\/section>\n\t\t\t\t\t\t\t\t\t<\/div>\n\t\t\t<\/div>\n\t\t\t\t\t<\/div>\n\t\t","protected":false},"excerpt":{"rendered":"","protected":false},"author":20,"featured_media":0,"parent":0,"menu_order":0,"comment_status":"closed","ping_status":"closed","template":"","meta":{"_relevanssi_hide_post":"","_relevanssi_hide_content":"","_relevanssi_pin_for_all":"","_relevanssi_pin_keywords":"","_relevanssi_unpin_keywords":"","_relevanssi_related_keywords":"","_relevanssi_related_include_ids":"","_relevanssi_related_exclude_ids":"","_relevanssi_related_no_append":"","_relevanssi_related_not_related":"","_relevanssi_related_posts":"","_relevanssi_noindex_reason":"","footnotes":""},"acf":[],"_links":{"self":[{"href":"https:\/\/www.ohada.org\/pt-pt\/wp-json\/wp\/v2\/pages\/24243"}],"collection":[{"href":"https:\/\/www.ohada.org\/pt-pt\/wp-json\/wp\/v2\/pages"}],"about":[{"href":"https:\/\/www.ohada.org\/pt-pt\/wp-json\/wp\/v2\/types\/page"}],"author":[{"embeddable":true,"href":"https:\/\/www.ohada.org\/pt-pt\/wp-json\/wp\/v2\/users\/20"}],"replies":[{"embeddable":true,"href":"https:\/\/www.ohada.org\/pt-pt\/wp-json\/wp\/v2\/comments?post=24243"}],"version-history":[{"count":1,"href":"https:\/\/www.ohada.org\/pt-pt\/wp-json\/wp\/v2\/pages\/24243\/revisions"}],"predecessor-version":[{"id":24244,"href":"https:\/\/www.ohada.org\/pt-pt\/wp-json\/wp\/v2\/pages\/24243\/revisions\/24244"}],"wp:attachment":[{"href":"https:\/\/www.ohada.org\/pt-pt\/wp-json\/wp\/v2\/media?parent=24243"}],"curies":[{"name":"wp","href":"https:\/\/api.w.org\/{rel}","templated":true}]}}