{"id":24255,"date":"2020-10-23T17:16:29","date_gmt":"2020-10-23T15:16:29","guid":{"rendered":"https:\/\/www.ohada.org\/licitacoes-e-resultados\/"},"modified":"2020-11-12T12:13:52","modified_gmt":"2020-11-12T11:13:52","slug":"licitacoes-e-resultados","status":"publish","type":"page","link":"https:\/\/www.ohada.org\/pt-pt\/licitacoes-e-resultados\/","title":{"rendered":"Licita\u00e7\u00f5es e resultados"},"content":{"rendered":"\t\t<div data-elementor-type=\"wp-page\" data-elementor-id=\"24255\" class=\"elementor elementor-24255 elementor-22505\">\n\t\t\t\t\t\t<div class=\"elementor-inner\">\n\t\t\t\t<div class=\"elementor-section-wrap\">\n\t\t\t\t\t\t\t\t\t<section data-particle_enable=\"false\" data-particle-mobile-disabled=\"false\" class=\"elementor-section elementor-top-section elementor-element elementor-element-db01bbc elementor-section-boxed elementor-section-height-default elementor-section-height-default\" data-id=\"db01bbc\" data-element_type=\"section\" data-settings=\"{&quot;ekit_has_onepagescroll_dot&quot;:&quot;yes&quot;}\">\n\t\t\t\t\t\t<div class=\"elementor-container elementor-column-gap-default\">\n\t\t\t\t\t\t\t<div class=\"elementor-row\">\n\t\t\t\t\t<div class=\"elementor-column elementor-col-100 elementor-top-column elementor-element elementor-element-7b543f3\" data-id=\"7b543f3\" data-element_type=\"column\">\n\t\t\t<div class=\"elementor-column-wrap elementor-element-populated\">\n\t\t\t\t\t\t\t<div class=\"elementor-widget-wrap\">\n\t\t\t\t\t\t<div class=\"elementor-element elementor-element-2ae335d elementor-grid-1 elementor-posts--thumbnail-left elementor-grid-tablet-2 elementor-grid-mobile-1 elementor-widget elementor-widget-posts\" data-id=\"2ae335d\" data-element_type=\"widget\" data-settings=\"{&quot;classic_columns&quot;:&quot;1&quot;,&quot;classic_row_gap&quot;:{&quot;unit&quot;:&quot;px&quot;,&quot;size&quot;:40,&quot;sizes&quot;:[]},&quot;classic_columns_tablet&quot;:&quot;2&quot;,&quot;classic_columns_mobile&quot;:&quot;1&quot;,&quot;classic_row_gap_tablet&quot;:{&quot;unit&quot;:&quot;px&quot;,&quot;size&quot;:&quot;&quot;,&quot;sizes&quot;:[]},&quot;classic_row_gap_mobile&quot;:{&quot;unit&quot;:&quot;px&quot;,&quot;size&quot;:&quot;&quot;,&quot;sizes&quot;:[]},&quot;ekit_we_effect_on&quot;:&quot;none&quot;}\" data-widget_type=\"posts.classic\">\n\t\t\t\t<div class=\"elementor-widget-container\">\n\t\t\t\t\t<div class=\"elementor-posts-container elementor-posts elementor-posts--skin-classic elementor-grid\">\n\t\t\t\t<article class=\"elementor-post elementor-grid-item post-21848 post type-post status-publish format-standard hentry category-actualites-et-annonces-de-lohada-pt-pt tag-appels-doffres tag-echos-de-nos-institutions tag-promotion-et-sensibilisation-home-fr entry\">\n\t\t\t\t<div class=\"elementor-post__text\">\n\t\t\t\t<h3 class=\"elementor-post__title\">\n\t\t\t<a href=\"https:\/\/www.ohada.org\/pt-pt\/asmi-para-selecao-de-uma-empresa-de-comunicacoes-para-apoiar-o-desenvolvimento-e-implementacao-de-uma-estrategia-de-comunicacoes-ohada-2020-2025\/\" >\n\t\t\t\tASMI para Sele\u00e7\u00e3o de uma empresa de comunica\u00e7\u00f5es para apoiar o desenvolvimento e implementa\u00e7\u00e3o de uma estrat\u00e9gia de comunica\u00e7\u00f5es OHADA &#8211; 2020 -2025\t\t\t<\/a>\n\t\t<\/h3>\n\t\t\t\t<div class=\"elementor-post__excerpt\">\n\t\t\t<p>A vers\u00e3o em portugu\u00eas deste conte\u00fado estar\u00e1 dispon\u00edvel em breve. N\u00b0 de r\u00e9f\u00e9rence : \u00a0\u00a0CM-OHADA-96353-CS-QCBS Projet d\u2019Am\u00e9lioration du Climat des Investissements au sein de l\u2019espace<\/p>\n\t\t<\/div>\n\t\t\n\t\t<a class=\"elementor-post__read-more\" href=\"https:\/\/www.ohada.org\/pt-pt\/asmi-para-selecao-de-uma-empresa-de-comunicacoes-para-apoiar-o-desenvolvimento-e-implementacao-de-uma-estrategia-de-comunicacoes-ohada-2020-2025\/\" >\n\t\t\tLer mais... \u00bb\t\t<\/a>\n\n\t\t\t\t<\/div>\n\t\t\t\t<\/article>\n\t\t\t\t<article class=\"elementor-post elementor-grid-item post-22221 post type-post status-publish format-standard hentry category-actualites-et-annonces-de-lohada-pt-pt tag-appels-doffres tag-dernieres-annonces-pt tag-promotion-et-sensibilisation-home-fr entry\">\n\t\t\t\t<div class=\"elementor-post__text\">\n\t\t\t\t<h3 class=\"elementor-post__title\">\n\t\t\t<a href=\"https:\/\/www.ohada.org\/pt-pt\/asmi-para-a-selecao-de-uma-empresa-responsavel-pela-realizacao-de-um-estudo-exploratorio-e-um-projeto-de-lei-uniforme-relativo-as-transacoes-eletronicas\/\" >\n\t\t\t\tASMI para a sele\u00e7\u00e3o de uma empresa respons\u00e1vel pela realiza\u00e7\u00e3o de um estudo explorat\u00f3rio e um projeto de lei uniforme relativo \u00e0s transa\u00e7\u00f5es eletr\u00f4nicas\t\t\t<\/a>\n\t\t<\/h3>\n\t\t\t\t<div class=\"elementor-post__excerpt\">\n\t\t\t<p>A vers\u00e3o em portugu\u00eas deste conte\u00fado estar\u00e1 dispon\u00edvel em breve. Avis d\u2019appel de manifestations d\u2019int\u00e9r\u00eat pour la s\u00e9lection d\u2019un cabinet charg\u00e9 de r\u00e9aliser une \u00e9tude<\/p>\n\t\t<\/div>\n\t\t\n\t\t<a class=\"elementor-post__read-more\" href=\"https:\/\/www.ohada.org\/pt-pt\/asmi-para-a-selecao-de-uma-empresa-responsavel-pela-realizacao-de-um-estudo-exploratorio-e-um-projeto-de-lei-uniforme-relativo-as-transacoes-eletronicas\/\" >\n\t\t\tLer mais... \u00bb\t\t<\/a>\n\n\t\t\t\t<\/div>\n\t\t\t\t<\/article>\n\t\t\t\t<article class=\"elementor-post elementor-grid-item post-22301 post type-post status-publish format-standard hentry category-actualites-et-annonces-de-lohada-pt-pt tag-actualite-cccja tag-actualite-ersuma tag-actualite-sp-pt tag-appels-doffres tag-dernieres-annonces-pt entry\">\n\t\t\t\t<div class=\"elementor-post__text\">\n\t\t\t\t<h3 class=\"elementor-post__title\">\n\t\t\t<a href=\"https:\/\/www.ohada.org\/pt-pt\/convocacao-de-concurso-de-fornecimento-e-atualizacao-da-sala-tecnica-e-redes-baixa-atual-do-tribunal-comum-de-justica-e-arbitragem-ccja\/\" >\n\t\t\t\tCONVOCA\u00c7\u00c3O DE CONCURSO DE FORNECIMENTO E ATUALIZA\u00c7\u00c3O DA SALA T\u00c9CNICA E REDES BAIXA ATUAL DO TRIBUNAL COMUM DE JUSTI\u00c7A E ARBITRAGEM (CCJA)\t\t\t<\/a>\n\t\t<\/h3>\n\t\t\t\t<div class=\"elementor-post__excerpt\">\n\t\t\t<p>A vers\u00e3o em portugu\u00eas deste conte\u00fado estar\u00e1 dispon\u00edvel em breve. N\u00b0 de r\u00e9f\u00e9rence :\u00a0 CM-OHADA-97183-GO-RFQ Projet d\u2019Am\u00e9lioration du Climat des Investissements au sein de l\u2019espace<\/p>\n\t\t<\/div>\n\t\t\n\t\t<a class=\"elementor-post__read-more\" href=\"https:\/\/www.ohada.org\/pt-pt\/convocacao-de-concurso-de-fornecimento-e-atualizacao-da-sala-tecnica-e-redes-baixa-atual-do-tribunal-comum-de-justica-e-arbitragem-ccja\/\" >\n\t\t\tLer mais... \u00bb\t\t<\/a>\n\n\t\t\t\t<\/div>\n\t\t\t\t<\/article>\n\t\t\t\t<article class=\"elementor-post elementor-grid-item post-22294 post type-post status-publish format-standard hentry category-actualites-et-annonces-de-lohada-pt-pt tag-actualite-cccja tag-actualite-ersuma tag-actualite-sp-pt tag-appels-doffres tag-dernieres-annonces-pt entry\">\n\t\t\t\t<div class=\"elementor-post__text\">\n\t\t\t\t<h3 class=\"elementor-post__title\">\n\t\t\t<a href=\"https:\/\/www.ohada.org\/pt-pt\/aviso-de-pedido-de-preco-de-adjudicacao-de-contratos-de-fornecimento-e-prestacao-de-servicos-nao-intelectuais-procedimento-de-envelope-unico\/\" >\n\t\t\t\tAVISO DE PEDIDO DE PRE\u00c7O DE ADJUDICA\u00c7\u00c3O DE CONTRATOS DE FORNECIMENTO E PRESTA\u00c7\u00c3O DE SERVI\u00c7OS N\u00c3O INTELECTUAIS (procedimento de envelope \u00fanico)\t\t\t<\/a>\n\t\t<\/h3>\n\t\t\t\t<div class=\"elementor-post__excerpt\">\n\t\t\t<p>A vers\u00e3o em portugu\u00eas deste conte\u00fado estar\u00e1 dispon\u00edvel em breve. N\u00b0 de r\u00e9f\u00e9rence :\u00a0 CM-OHADA-96343-GO-RFQ Projet d\u2019Am\u00e9lioration du Climat des Investissements au sein de l\u2019espace<\/p>\n\t\t<\/div>\n\t\t\n\t\t<a class=\"elementor-post__read-more\" href=\"https:\/\/www.ohada.org\/pt-pt\/aviso-de-pedido-de-preco-de-adjudicacao-de-contratos-de-fornecimento-e-prestacao-de-servicos-nao-intelectuais-procedimento-de-envelope-unico\/\" >\n\t\t\tLer mais... \u00bb\t\t<\/a>\n\n\t\t\t\t<\/div>\n\t\t\t\t<\/article>\n\t\t\t\t<article class=\"elementor-post elementor-grid-item post-22327 post type-post status-publish format-standard hentry category-actualites-et-annonces-de-lohada-pt-pt tag-appels-doffres tag-dernieres-annonces-pt tag-echos-de-nos-institutions tag-echos-des-etats-parties tag-echos-des-etats-parties-home tag-promotion-et-sensibilisation-home-fr entry\">\n\t\t\t\t<div class=\"elementor-post__text\">\n\t\t\t\t<h3 class=\"elementor-post__title\">\n\t\t\t<a href=\"https:\/\/www.ohada.org\/pt-pt\/asmi-n-cm-ohada-97170-cs-qcbs-para-a-selecao-de-um-gabinete-responsavel-pela-preparacao-de-uma-legislacao-comum-aos-estados-membros-da-ohada-sobre-conflitos-de-leis\/\" >\n\t\t\t\tASMI N \u00b0 CM-OHADA-97170-CS-QCBS PARA A SELE\u00c7\u00c3O DE UM GABINETE RESPONS\u00c1VEL PELA PREPARA\u00c7\u00c3O DE UMA LEGISLA\u00c7\u00c3O COMUM AOS ESTADOS MEMBROS DA OHADA SOBRE CONFLITOS DE LEIS\t\t\t<\/a>\n\t\t<\/h3>\n\t\t\t\t<div class=\"elementor-post__excerpt\">\n\t\t\t<p>A vers\u00e3o em portugu\u00eas deste conte\u00fado estar\u00e1 dispon\u00edvel em breve. AVIS DE SOLLICITATION DE MANIFESTATIONS D\u2019INTERET POUR LA SELECTION D\u2019UN CABINET CHARGE DE L\u2019\u00c9LABORATION D\u2019UNE<\/p>\n\t\t<\/div>\n\t\t\n\t\t<a class=\"elementor-post__read-more\" href=\"https:\/\/www.ohada.org\/pt-pt\/asmi-n-cm-ohada-97170-cs-qcbs-para-a-selecao-de-um-gabinete-responsavel-pela-preparacao-de-uma-legislacao-comum-aos-estados-membros-da-ohada-sobre-conflitos-de-leis\/\" >\n\t\t\tLer mais... \u00bb\t\t<\/a>\n\n\t\t\t\t<\/div>\n\t\t\t\t<\/article>\n\t\t\t\t<article class=\"elementor-post elementor-grid-item post-22385 post type-post status-publish format-standard has-post-thumbnail hentry category-actualites-et-annonces-de-lohada-pt-pt tag-appels-doffres tag-dernieres-annonces-pt tag-echos-des-etats-parties tag-echos-des-etats-parties-home entry has-media\">\n\t\t\t\t<a class=\"elementor-post__thumbnail__link\" href=\"https:\/\/www.ohada.org\/pt-pt\/chamada-de-manifestacoes-de-interesse-n-002-2019-ohada-cm-afd-rccm-relativa-ao-fornecimento-de-equipamento-e-cablagem-da-rede-informatica-e-electrica-para-a-modernizacao-da-rccm-nos-camaroe\/\" >\n\t\t\t<div class=\"elementor-post__thumbnail\"><img loading=\"lazy\" decoding=\"async\" width=\"213\" height=\"300\" src=\"https:\/\/www.ohada.org\/wp-content\/uploads\/2020\/10\/formation-RDC-213x300.png\" class=\"attachment-medium size-medium\" alt=\"\" \/><\/div>\n\t\t<\/a>\n\t\t\t\t<div class=\"elementor-post__text\">\n\t\t\t\t<h3 class=\"elementor-post__title\">\n\t\t\t<a href=\"https:\/\/www.ohada.org\/pt-pt\/chamada-de-manifestacoes-de-interesse-n-002-2019-ohada-cm-afd-rccm-relativa-ao-fornecimento-de-equipamento-e-cablagem-da-rede-informatica-e-electrica-para-a-modernizacao-da-rccm-nos-camaroe\/\" >\n\t\t\t\tChamada de Manifesta\u00e7\u00f5es de Interesse N \u00b0 002\/2019 \/ OHADA-CM-AFD \/ RCCM relativa ao fornecimento de equipamento e cablagem da rede inform\u00e1tica e el\u00e9ctrica para a moderniza\u00e7\u00e3o da RCCM nos Camar\u00f5es\t\t\t<\/a>\n\t\t<\/h3>\n\t\t\t\t<div class=\"elementor-post__excerpt\">\n\t\t\t<p>A vers\u00e3o em portugu\u00eas deste conte\u00fado estar\u00e1 dispon\u00edvel em breve. Avis d\u2019Appel \u00e0 Manifestation d\u2019Int\u00e9r\u00eat N\u00b0 002\/2019\/OHADA-CM-AFD\/RCCM du 09\/09\/2019 pour la fourniture du mat\u00e9riel et<\/p>\n\t\t<\/div>\n\t\t\n\t\t<a class=\"elementor-post__read-more\" href=\"https:\/\/www.ohada.org\/pt-pt\/chamada-de-manifestacoes-de-interesse-n-002-2019-ohada-cm-afd-rccm-relativa-ao-fornecimento-de-equipamento-e-cablagem-da-rede-informatica-e-electrica-para-a-modernizacao-da-rccm-nos-camaroe\/\" >\n\t\t\tLer mais... \u00bb\t\t<\/a>\n\n\t\t\t\t<\/div>\n\t\t\t\t<\/article>\n\t\t\t\t<article class=\"elementor-post elementor-grid-item post-22383 post type-post status-publish format-standard hentry category-actualites-et-annonces-de-lohada-pt-pt tag-appels-doffres tag-dernieres-annonces-pt tag-echos-des-etats-parties tag-echos-des-etats-parties-home tag-informatisation-rccm entry\">\n\t\t\t\t<div class=\"elementor-post__text\">\n\t\t\t\t<h3 class=\"elementor-post__title\">\n\t\t\t<a href=\"https:\/\/www.ohada.org\/pt-pt\/chamada-de-manifestacoes-de-interesse-n-001-2019-ohada-cm-afd-rccm-relativa-ao-fornecimento-de-equipamento-informatico-para-a-modernizacao-da-rccm-nos-camaroes\/\" >\n\t\t\t\tChamada de manifesta\u00e7\u00f5es de interesse N \u00b0 001\/2019 \/ OHADA-CM-AFD \/ RCCM relativa ao fornecimento de equipamento inform\u00e1tico para a moderniza\u00e7\u00e3o da RCCM nos Camar\u00f5es\t\t\t<\/a>\n\t\t<\/h3>\n\t\t\t\t<div class=\"elementor-post__excerpt\">\n\t\t\t<p>A vers\u00e3o em portugu\u00eas deste conte\u00fado estar\u00e1 dispon\u00edvel em breve. Avis d\u2019Appel \u00e0 Manifestation d\u2019Int\u00e9r\u00eat N\u00b0 001\/2019\/OHADA-CM-AFD\/RCCM du 09\/09\/2019 relatif \u00e0 la fourniture du mat\u00e9riel<\/p>\n\t\t<\/div>\n\t\t\n\t\t<a class=\"elementor-post__read-more\" href=\"https:\/\/www.ohada.org\/pt-pt\/chamada-de-manifestacoes-de-interesse-n-001-2019-ohada-cm-afd-rccm-relativa-ao-fornecimento-de-equipamento-informatico-para-a-modernizacao-da-rccm-nos-camaroes\/\" >\n\t\t\tLer mais... \u00bb\t\t<\/a>\n\n\t\t\t\t<\/div>\n\t\t\t\t<\/article>\n\t\t\t\t<article class=\"elementor-post elementor-grid-item post-22393 post type-post status-publish format-standard hentry category-actualites-et-annonces-de-lohada-pt-pt tag-actualite-cccja tag-actualite-ersuma tag-actualite-sp-pt tag-appels-doffres tag-dernieres-annonces-pt entry\">\n\t\t\t\t<div class=\"elementor-post__text\">\n\t\t\t\t<h3 class=\"elementor-post__title\">\n\t\t\t<a href=\"https:\/\/www.ohada.org\/pt-pt\/asmi-para-a-selecao-de-uma-empresa-responsavel-pelo-desenvolvimento-de-um-software-integrado-para-a-gestao-dos-arquivos-ohada\/\" >\n\t\t\t\tASMI PARA A SELE\u00c7\u00c3O DE UMA EMPRESA RESPONS\u00c1VEL PELO DESENVOLVIMENTO DE UM SOFTWARE INTEGRADO PARA A GEST\u00c3O DOS ARQUIVOS OHADA\t\t\t<\/a>\n\t\t<\/h3>\n\t\t\t\t<div class=\"elementor-post__excerpt\">\n\t\t\t<p>A vers\u00e3o em portugu\u00eas deste conte\u00fado estar\u00e1 dispon\u00edvel em breve. N\u00b0 de r\u00e9f\u00e9rence : \u00a0\u00a0CM-OHADA-96358-CS-QCBS Projet d\u2019Am\u00e9lioration du Climat des Investissements au sein de l\u2019espace<\/p>\n\t\t<\/div>\n\t\t\n\t\t<a class=\"elementor-post__read-more\" href=\"https:\/\/www.ohada.org\/pt-pt\/asmi-para-a-selecao-de-uma-empresa-responsavel-pelo-desenvolvimento-de-um-software-integrado-para-a-gestao-dos-arquivos-ohada\/\" >\n\t\t\tLer mais... \u00bb\t\t<\/a>\n\n\t\t\t\t<\/div>\n\t\t\t\t<\/article>\n\t\t\t\t<article class=\"elementor-post elementor-grid-item post-21994 post type-post status-publish format-standard hentry category-actualites-et-annonces-de-lohada-pt-pt tag-appels-doffres tag-dernieres-annonces-pt tag-echos-de-nos-institutions tag-echos-des-etats-parties tag-echos-des-etats-parties-home entry\">\n\t\t\t\t<div class=\"elementor-post__text\">\n\t\t\t\t<h3 class=\"elementor-post__title\">\n\t\t\t<a href=\"https:\/\/www.ohada.org\/pt-pt\/aviso-de-solicitacao-de-manifestacoes-de-interesse-para-a-selecao-de-empresa-responsavel-pelo-desenvolvimento-e-implementacao-de-uma-solucao-integrada-de-software-para-a-gestao-de-arquivos-ccja-ohada\/\" >\n\t\t\t\tAVISO DE SOLICITA\u00c7\u00c3O DE MANIFESTA\u00c7\u00d5ES DE INTERESSE PARA A SELE\u00c7\u00c3O DE EMPRESA RESPONS\u00c1VEL PELO DESENVOLVIMENTO E IMPLEMENTA\u00c7\u00c3O DE UMA SOLU\u00c7\u00c3O INTEGRADA DE SOFTWARE PARA A GEST\u00c3O DE ARQUIVOS CCJA-OHADA\t\t\t<\/a>\n\t\t<\/h3>\n\t\t\t\t<div class=\"elementor-post__excerpt\">\n\t\t\t<p>A vers\u00e3o em Portugu\u00eas da p\u00e1gina estar\u00e1 dispon\u00edvel em breve AVIS DE SOLLICITATION DE MANIFESTATIONS D\u2019INT\u00c9R\u00caT POUR LA S\u00c9LECTION D\u2019UN CABINET CHARGE DE R\u00c9ALISER LE<\/p>\n\t\t<\/div>\n\t\t\n\t\t<a class=\"elementor-post__read-more\" href=\"https:\/\/www.ohada.org\/pt-pt\/aviso-de-solicitacao-de-manifestacoes-de-interesse-para-a-selecao-de-empresa-responsavel-pelo-desenvolvimento-e-implementacao-de-uma-solucao-integrada-de-software-para-a-gestao-de-arquivos-ccja-ohada\/\" >\n\t\t\tLer mais... \u00bb\t\t<\/a>\n\n\t\t\t\t<\/div>\n\t\t\t\t<\/article>\n\t\t\t\t<article class=\"elementor-post elementor-grid-item post-21961 post type-post status-publish format-standard hentry category-actualites-et-annonces-de-lohada-pt-pt tag-appels-doffres tag-dernieres-annonces-pt tag-echos-de-nos-institutions tag-promotion-et-sensibilisation-home-fr entry\">\n\t\t\t\t<div class=\"elementor-post__text\">\n\t\t\t\t<h3 class=\"elementor-post__title\">\n\t\t\t<a href=\"https:\/\/www.ohada.org\/pt-pt\/aviso-de-solicitacao-de-manifestacao-de-interesse-para-a-selecao-de-empresa-responsavel-pela-realizacao-de-estudo-de-impacto-economico-da-ohada\/\" >\n\t\t\t\tAviso de solicita\u00e7\u00e3o de manifesta\u00e7\u00e3o de interesse para a sele\u00e7\u00e3o de empresa respons\u00e1vel pela realiza\u00e7\u00e3o de estudo de impacto econ\u00f4mico da OHADA\t\t\t<\/a>\n\t\t<\/h3>\n\t\t\t\t<div class=\"elementor-post__excerpt\">\n\t\t\t<p>A vers\u00e3o em Portugu\u00eas da p\u00e1gina estar\u00e1 dispon\u00edvel em breve Avis de sollicitation de manifestations d\u2019int\u00e9r\u00eat pour la s\u00e9lection d\u2019un cabinet charge de r\u00e9aliser une<\/p>\n\t\t<\/div>\n\t\t\n\t\t<a class=\"elementor-post__read-more\" href=\"https:\/\/www.ohada.org\/pt-pt\/aviso-de-solicitacao-de-manifestacao-de-interesse-para-a-selecao-de-empresa-responsavel-pela-realizacao-de-estudo-de-impacto-economico-da-ohada\/\" >\n\t\t\tLer mais... \u00bb\t\t<\/a>\n\n\t\t\t\t<\/div>\n\t\t\t\t<\/article>\n\t\t\t\t<\/div>\n\n\n\t\t\n\t\t\t\t<div class=\"e-load-more-anchor\" data-page=\"1\" data-max-page=\"2\" data-next-page=\"https:\/\/www.ohada.org\/pt-pt\/wp-json\/wp\/v2\/pages\/24255\/page\/2\/\"><\/div>\n\t\t\t\t<nav class=\"elementor-pagination\" role=\"navigation\" aria-label=\"Pagination\">\n\t\t\t<span class=\"page-numbers prev\">&laquo; Anterior<\/span>\n<span aria-current=\"page\" class=\"page-numbers current\"><span class=\"elementor-screen-only\">P\u00e1gina<\/span>1<\/span>\n<a class=\"page-numbers\" href=\"https:\/\/www.ohada.org\/pt-pt\/wp-json\/wp\/v2\/pages\/24255\/page\/2\/\"><span class=\"elementor-screen-only\">P\u00e1gina<\/span>2<\/a>\n<a class=\"page-numbers next\" href=\"https:\/\/www.ohada.org\/pt-pt\/wp-json\/wp\/v2\/pages\/24255\/page\/2\/\">Pr\u00f3ximo &raquo;<\/a>\t\t<\/nav>\n\t\t\t\t<\/div>\n\t\t\t\t<\/div>\n\t\t\t\t\t\t<\/div>\n\t\t\t\t\t<\/div>\n\t\t<\/div>\n\t\t\t\t\t\t\t\t<\/div>\n\t\t\t\t\t<\/div>\n\t\t<\/section>\n\t\t\t\t\t\t\t\t\t<\/div>\n\t\t\t<\/div>\n\t\t\t\t\t<\/div>\n\t\t","protected":false},"excerpt":{"rendered":"","protected":false},"author":20,"featured_media":0,"parent":0,"menu_order":0,"comment_status":"closed","ping_status":"closed","template":"","meta":{"_relevanssi_hide_post":"","_relevanssi_hide_content":"","_relevanssi_pin_for_all":"","_relevanssi_pin_keywords":"","_relevanssi_unpin_keywords":"","_relevanssi_related_keywords":"","_relevanssi_related_include_ids":"","_relevanssi_related_exclude_ids":"","_relevanssi_related_no_append":"","_relevanssi_related_not_related":"","_relevanssi_related_posts":"","_relevanssi_noindex_reason":"","footnotes":""},"acf":[],"_links":{"self":[{"href":"https:\/\/www.ohada.org\/pt-pt\/wp-json\/wp\/v2\/pages\/24255"}],"collection":[{"href":"https:\/\/www.ohada.org\/pt-pt\/wp-json\/wp\/v2\/pages"}],"about":[{"href":"https:\/\/www.ohada.org\/pt-pt\/wp-json\/wp\/v2\/types\/page"}],"author":[{"embeddable":true,"href":"https:\/\/www.ohada.org\/pt-pt\/wp-json\/wp\/v2\/users\/20"}],"replies":[{"embeddable":true,"href":"https:\/\/www.ohada.org\/pt-pt\/wp-json\/wp\/v2\/comments?post=24255"}],"version-history":[{"count":2,"href":"https:\/\/www.ohada.org\/pt-pt\/wp-json\/wp\/v2\/pages\/24255\/revisions"}],"predecessor-version":[{"id":28774,"href":"https:\/\/www.ohada.org\/pt-pt\/wp-json\/wp\/v2\/pages\/24255\/revisions\/28774"}],"wp:attachment":[{"href":"https:\/\/www.ohada.org\/pt-pt\/wp-json\/wp\/v2\/media?parent=24255"}],"curies":[{"name":"wp","href":"https:\/\/api.w.org\/{rel}","templated":true}]}}