{"id":28188,"date":"2020-11-02T15:08:53","date_gmt":"2020-11-02T14:08:53","guid":{"rendered":"https:\/\/www.ohada.org\/calculadora-de-taxas-de-arbitragem-online\/"},"modified":"2021-03-29T16:13:42","modified_gmt":"2021-03-29T14:13:42","slug":"calculadora-de-taxas-de-arbitragem-online","status":"publish","type":"page","link":"https:\/\/www.ohada.org\/pt-pt\/calculadora-de-taxas-de-arbitragem-online\/","title":{"rendered":"Calculadora de taxas de arbitragem online"},"content":{"rendered":"\t\t<div data-elementor-type=\"wp-page\" data-elementor-id=\"28188\" class=\"elementor elementor-28188 elementor-26996\">\n\t\t\t\t\t\t<div class=\"elementor-inner\">\n\t\t\t\t<div class=\"elementor-section-wrap\">\n\t\t\t\t\t\t\t\t\t<section data-particle_enable=\"false\" data-particle-mobile-disabled=\"false\" class=\"elementor-section elementor-top-section elementor-element elementor-element-65d797a elementor-section-full_width elementor-section-height-default elementor-section-height-default\" data-id=\"65d797a\" data-element_type=\"section\" data-settings=\"{&quot;ekit_has_onepagescroll_dot&quot;:&quot;yes&quot;}\">\n\t\t\t\t\t\t<div class=\"elementor-container elementor-column-gap-default\">\n\t\t\t\t\t\t\t<div class=\"elementor-row\">\n\t\t\t\t\t<div class=\"elementor-column elementor-col-100 elementor-top-column elementor-element elementor-element-01f6c1d\" data-id=\"01f6c1d\" data-element_type=\"column\">\n\t\t\t<div class=\"elementor-column-wrap elementor-element-populated\">\n\t\t\t\t\t\t\t<div class=\"elementor-widget-wrap\">\n\t\t\t\t\t\t<div class=\"elementor-element elementor-element-dab56d7 elementor-button-align-stretch elementor-widget elementor-widget-form\" data-id=\"dab56d7\" data-element_type=\"widget\" data-settings=\"{&quot;step_next_label&quot;:&quot;Suivant&quot;,&quot;step_previous_label&quot;:&quot;Pr\\u00e9c\\u00e9dent&quot;,&quot;step_type&quot;:&quot;text&quot;,&quot;button_width&quot;:&quot;100&quot;,&quot;ekit_we_effect_on&quot;:&quot;none&quot;}\" data-widget_type=\"form.default\">\n\t\t\t\t<div class=\"elementor-widget-container\">\n\t\t\t\t\t<form class=\"elementor-form\" method=\"post\" name=\"Calculadora\">\n\t\t\t<input type=\"hidden\" name=\"post_id\" value=\"28188\"\/>\n\t\t\t<input type=\"hidden\" name=\"form_id\" value=\"dab56d7\"\/>\n\t\t\t<input type=\"hidden\" name=\"referer_title\" value=\"\" \/>\n\n\t\t\t\n\t\t\t<div class=\"elementor-form-fields-wrapper elementor-labels-above\">\n\t\t\t\t\t\t\t\t<div class=\"elementor-field-type-number elementor-field-group elementor-column elementor-field-group-montant_litige elementor-col-50 elementor-field-required\">\n\t\t\t\t\t\t\t\t\t\t\t\t<label for=\"form-field-montant_litige\" class=\"elementor-field-label\">\n\t\t\t\t\t\t\t\tQuantidade de disputa\t\t\t\t\t\t\t<\/label>\n\t\t\t\t\t\t\t\t\t<input type=\"number\" name=\"form_fields[montant_litige]\" id=\"form-field-montant_litige\" class=\"elementor-field elementor-size-sm  elementor-field-textual\" placeholder=\"5000000\" required=\"required\" aria-required=\"true\" min=\"\" max=\"\" >\n\t\t\t\t\t\t<\/div>\n\t\t\t\t\t\t\t\t<div class=\"elementor-field-type-html elementor-field-group elementor-column elementor-field-group-field_142415d elementor-col-50\">\n\t\t\t\t\t<div class=\"content-btn\"><button type=\"submit\" class=\"elementor-button elementor-size-sm\" id=\"btn-calculer\">\r\n\t<span class=\"elementor-button-text\">Calcular taxas<\/span>\r\n<\/button><\/div>\t\t\t\t<\/div>\n\t\t\t\t\t\t\t\t<div class=\"elementor-field-type-html elementor-field-group elementor-column elementor-field-group-separateur1 elementor-col-100\">\n\t\t\t\t\t<hr class=\"separateur\">\r\n<div class=\"titre-g\">\r\nResultado da simula\u00e7\u00e3o para um valor de disputa de: <span id=\"montant-litige\">\r\n<\/span>\r\n<\/div>\r\n\r\n<div class=\"titre-block\">Honor\u00e1rios do \u00c1rbitro \u00danico do Tribunal Arbitral<\/div>\r\n\r\n\t\t\t\t<\/div>\n\t\t\t\t\t\t\t\t<div class=\"elementor-field-type-text elementor-field-group elementor-column elementor-field-group-frais_admin elementor-col-33\">\n\t\t\t\t\t\t\t\t\t\t\t\t<label for=\"form-field-frais_admin\" class=\"elementor-field-label\">\n\t\t\t\t\t\t\t\tCustos administrativos <br>&nbsp;\t\t\t\t\t\t\t<\/label>\n\t\t\t\t\t\t\t\t\t\t\t\t\t\t<input size=\"1\" type=\"text\" name=\"form_fields[frais_admin]\" id=\"form-field-frais_admin\" class=\"elementor-field elementor-size-sm  elementor-field-textual\">\n\t\t\t\t\t\t\t\t\t\t\t<\/div>\n\t\t\t\t\t\t\t\t<div class=\"elementor-field-type-text elementor-field-group elementor-column elementor-field-group-frais_limite_min elementor-col-33\">\n\t\t\t\t\t\t\t\t\t\t\t\t<label for=\"form-field-frais_limite_min\" class=\"elementor-field-label\">\n\t\t\t\t\t\t\t\tLimites m\u00ednimos das taxas do \u00e1rbitro\t\t\t\t\t\t\t<\/label>\n\t\t\t\t\t\t\t\t\t\t\t\t\t\t<input size=\"1\" type=\"text\" name=\"form_fields[frais_limite_min]\" id=\"form-field-frais_limite_min\" class=\"elementor-field elementor-size-sm  elementor-field-textual\">\n\t\t\t\t\t\t\t\t\t\t\t<\/div>\n\t\t\t\t\t\t\t\t<div class=\"elementor-field-type-text elementor-field-group elementor-column elementor-field-group-frais_limite_max elementor-col-33\">\n\t\t\t\t\t\t\t\t\t\t\t\t<label for=\"form-field-frais_limite_max\" class=\"elementor-field-label\">\n\t\t\t\t\t\t\t\tLimites m\u00e1ximos das taxas do \u00e1rbitro\t\t\t\t\t\t\t<\/label>\n\t\t\t\t\t\t\t\t\t\t\t\t\t\t<input size=\"1\" type=\"text\" name=\"form_fields[frais_limite_max]\" id=\"form-field-frais_limite_max\" class=\"elementor-field elementor-size-sm  elementor-field-textual\">\n\t\t\t\t\t\t\t\t\t\t\t<\/div>\n\t\t\t\t\t\t\t\t<div class=\"elementor-field-type-text elementor-field-group elementor-column elementor-field-group-honoraire_arb elementor-col-33\">\n\t\t\t\t\t\t\t\t\t\t\t\t<label for=\"form-field-honoraire_arb\" class=\"elementor-field-label\">\n\t\t\t\t\t\t\t\tTaxa de \u00e1rbitro\t\t\t\t\t\t\t<\/label>\n\t\t\t\t\t\t\t\t\t\t\t\t\t\t<input size=\"1\" type=\"text\" name=\"form_fields[honoraire_arb]\" id=\"form-field-honoraire_arb\" class=\"elementor-field elementor-size-sm  elementor-field-textual\" value=\"1000000\">\n\t\t\t\t\t\t\t\t\t\t\t<\/div>\n\t\t\t\t\t\t\t\t<div class=\"elementor-field-type-text elementor-field-group elementor-column elementor-field-group-frais_tribunal elementor-col-33\">\n\t\t\t\t\t\t\t\t\t\t\t\t<label for=\"form-field-frais_tribunal\" class=\"elementor-field-label\">\n\t\t\t\t\t\t\t\tCustos do tribunal arbitral\t\t\t\t\t\t\t<\/label>\n\t\t\t\t\t\t\t\t\t\t\t\t\t\t<input size=\"1\" type=\"text\" name=\"form_fields[frais_tribunal]\" id=\"form-field-frais_tribunal\" class=\"elementor-field elementor-size-sm  elementor-field-textual\">\n\t\t\t\t\t\t\t\t\t\t\t<\/div>\n\t\t\t\t\t\t\t\t<div class=\"elementor-field-type-text elementor-field-group elementor-column elementor-field-group-frais_fonction elementor-col-33\">\n\t\t\t\t\t\t\t\t\t\t\t\t<label for=\"form-field-frais_fonction\" class=\"elementor-field-label\">\n\t\t\t\t\t\t\t\tCustos operacionais\t\t\t\t\t\t\t<\/label>\n\t\t\t\t\t\t\t\t\t\t\t\t\t\t<input size=\"1\" type=\"text\" name=\"form_fields[frais_fonction]\" id=\"form-field-frais_fonction\" class=\"elementor-field elementor-size-sm  elementor-field-textual\">\n\t\t\t\t\t\t\t\t\t\t\t<\/div>\n\t\t\t\t\t\t\t\t<div class=\"elementor-field-type-text elementor-field-group elementor-column elementor-field-group-frais_expert elementor-col-50\">\n\t\t\t\t\t\t\t\t\t\t\t\t<label for=\"form-field-frais_expert\" class=\"elementor-field-label\">\n\t\t\t\t\t\t\t\tTaxas de especialistas\t\t\t\t\t\t\t<\/label>\n\t\t\t\t\t\t\t\t\t\t\t\t\t\t<input size=\"1\" type=\"text\" name=\"form_fields[frais_expert]\" id=\"form-field-frais_expert\" class=\"elementor-field elementor-size-sm  elementor-field-textual\">\n\t\t\t\t\t\t\t\t\t\t\t<\/div>\n\t\t\t\t\t\t\t\t<div class=\"elementor-field-type-text elementor-field-group elementor-column elementor-field-group-honoraire_expert elementor-col-50\">\n\t\t\t\t\t\t\t\t\t\t\t\t<label for=\"form-field-honoraire_expert\" class=\"elementor-field-label\">\n\t\t\t\t\t\t\t\tHonor\u00e1rios de especialistas\t\t\t\t\t\t\t<\/label>\n\t\t\t\t\t\t\t\t\t\t\t\t\t\t<input size=\"1\" type=\"text\" name=\"form_fields[honoraire_expert]\" id=\"form-field-honoraire_expert\" class=\"elementor-field elementor-size-sm  elementor-field-textual\">\n\t\t\t\t\t\t\t\t\t\t\t<\/div>\n\t\t\t\t\t\t\t\t<div class=\"elementor-field-type-text elementor-field-group elementor-column elementor-field-group-total_procedure1 elementor-col-100\">\n\t\t\t\t\t\t\t\t\t\t\t\t<label for=\"form-field-total_procedure1\" class=\"elementor-field-label\">\n\t\t\t\t\t\t\t\tPROCEDIMENTO TOTAL\t\t\t\t\t\t\t<\/label>\n\t\t\t\t\t\t\t\t\t\t\t\t\t\t<input size=\"1\" type=\"text\" name=\"form_fields[total_procedure1]\" id=\"form-field-total_procedure1\" class=\"elementor-field elementor-size-sm  elementor-field-textual\">\n\t\t\t\t\t\t\t\t\t\t\t<\/div>\n\t\t\t\t\t\t\t\t<div class=\"elementor-field-type-html elementor-field-group elementor-column elementor-field-group-separateur2 elementor-col-100\">\n\t\t\t\t\t<div class=\"titre-block\">Honor\u00e1rios do Tribunal Arbitral Caso de tr\u00eas (03) \u00e1rbitros<\/div>\t\t\t\t<\/div>\n\t\t\t\t\t\t\t\t<div class=\"elementor-field-type-text elementor-field-group elementor-column elementor-field-group-honoraire_presi elementor-col-50\">\n\t\t\t\t\t\t\t\t\t\t\t\t<label for=\"form-field-honoraire_presi\" class=\"elementor-field-label\">\n\t\t\t\t\t\t\t\tPresidente\t\t\t\t\t\t\t<\/label>\n\t\t\t\t\t\t\t\t\t\t\t\t\t\t<input size=\"1\" type=\"text\" name=\"form_fields[honoraire_presi]\" id=\"form-field-honoraire_presi\" class=\"elementor-field elementor-size-sm  elementor-field-textual\">\n\t\t\t\t\t\t\t\t\t\t\t<\/div>\n\t\t\t\t\t\t\t\t<div class=\"elementor-field-type-text elementor-field-group elementor-column elementor-field-group-honoraire_co elementor-col-50\">\n\t\t\t\t\t\t\t\t\t\t\t\t<label for=\"form-field-honoraire_co\" class=\"elementor-field-label\">\n\t\t\t\t\t\t\t\tCo-\u00c1rbitros\t\t\t\t\t\t\t<\/label>\n\t\t\t\t\t\t\t\t\t\t\t\t\t\t<input size=\"1\" type=\"text\" name=\"form_fields[honoraire_co]\" id=\"form-field-honoraire_co\" class=\"elementor-field elementor-size-sm  elementor-field-textual\">\n\t\t\t\t\t\t\t\t\t\t\t<\/div>\n\t\t\t\t\t\t\t\t<div class=\"elementor-field-type-text elementor-field-group elementor-column elementor-field-group-honoraire_tribu elementor-col-100\">\n\t\t\t\t\t\t\t\t\t\t\t\t<label for=\"form-field-honoraire_tribu\" class=\"elementor-field-label\">\n\t\t\t\t\t\t\t\tTaxas do tribunal\t\t\t\t\t\t\t<\/label>\n\t\t\t\t\t\t\t\t\t\t\t\t\t\t<input size=\"1\" type=\"text\" name=\"form_fields[honoraire_tribu]\" id=\"form-field-honoraire_tribu\" class=\"elementor-field elementor-size-sm  elementor-field-textual\">\n\t\t\t\t\t\t\t\t\t\t\t<\/div>\n\t\t\t\t\t\t\t\t<div class=\"elementor-field-type-text elementor-field-group elementor-column elementor-field-group-total_procedure2 elementor-col-100\">\n\t\t\t\t\t\t\t\t\t\t\t\t<label for=\"form-field-total_procedure2\" class=\"elementor-field-label\">\n\t\t\t\t\t\t\t\tPROCEDIMENTO TOTAL\t\t\t\t\t\t\t<\/label>\n\t\t\t\t\t\t\t\t\t\t\t\t\t\t<input size=\"1\" type=\"text\" name=\"form_fields[total_procedure2]\" id=\"form-field-total_procedure2\" class=\"elementor-field elementor-size-sm  elementor-field-textual\">\n\t\t\t\t\t\t\t\t\t\t\t<\/div>\n\t\t\t\t\t\t\t\t<div class=\"elementor-field-group elementor-column elementor-field-type-submit elementor-col-100 e-form__buttons\">\n\t\t\t\t\t<button type=\"submit\" class=\"elementor-button elementor-size-sm\">\n\t\t\t\t\t\t<span >\n\t\t\t\t\t\t\t\t\t\t\t\t\t\t\t<span class=\" elementor-button-icon\">\n\t\t\t\t\t\t\t\t\t\t\t\t\t\t\t\t\t\t\t\t\t\t\t\t\t\t<\/span>\n\t\t\t\t\t\t\t\t\t\t\t\t\t\t\t\t\t\t\t\t\t\t<span class=\"elementor-button-text\">Calcular<\/span>\n\t\t\t\t\t\t\t\t\t\t\t\t\t<\/span>\n\t\t\t\t\t<\/button>\n\t\t\t\t<\/div>\n\t\t\t<\/div>\n\t\t<\/form>\n\t\t\t\t<\/div>\n\t\t\t\t<\/div>\n\t\t\t\t<div class=\"elementor-element elementor-element-e7d0247 elementor-widget elementor-widget-html\" data-id=\"e7d0247\" data-element_type=\"widget\" data-settings=\"{&quot;ekit_we_effect_on&quot;:&quot;none&quot;}\" data-widget_type=\"html.default\">\n\t\t\t\t<div class=\"elementor-widget-container\">\n\t\t\t<script>\r\n\r\njQuery('#form-field-frais_admin').prop(\"readonly\",true);\r\njQuery('#form-field-frais_limite_min').prop(\"readonly\",true);\r\njQuery('#form-field-frais_limite_max').prop(\"readonly\",true);\r\njQuery('#form-field-honoraire_presi').prop(\"readonly\",true);\r\njQuery('#form-field-honoraire_co').prop(\"readonly\",true);\r\njQuery('#form-field-honoraire_tribu').prop(\"readonly\",true);\r\n\r\njQuery('#form-field-total_procedure1').prop(\"readonly\",true);\r\njQuery('#form-field-total_procedure2').prop(\"readonly\",true);\r\n\r\njQuery('input[readonly]').css(\"background-color\", \"#ecedf3\");\r\n\r\n jQuery('#btn-calculer').click(function(){\r\n\t  \r\n\r\n \/\/jQuery('#form-field-montant_litige').change(function(){\r\n       \r\n\tvar montantlitig=convert_int(jQuery('#form-field-montant_litige').val());\r\n\t\r\n\tvar honoraire_arb=jQuery('#form-field-honoraire_arb').val();\r\n\t\r\n\tvar frais_tribunal=jQuery('#form-field-frais_tribunal').val();\r\n\t\r\n\tvar frais_fonction=jQuery('#form-field-frais_fonction').val();\r\n\t\r\n\tvar frais_expert=jQuery('#form-field-frais_expert').val();\r\n\t\r\n\tvar honoraire_expert=jQuery('#form-field-honoraire_expert').val();\r\n\t\r\n\t\r\n\t  \r\n\tvar frais_admin=calcul_frais_admin(montantlitig);\r\n\t\r\n\tvar limit_min=calcul_Limit_min(montantlitig);\r\n\t\r\n\tvar limit_max=calcul_Limit_max(montantlitig);\r\n\t\r\n\tvar honoraire_limit = checked_val(convert_int(honoraire_arb), convert_int(limit_min));\r\n\t\r\n\r\n\tvar honoraire_presi = convert_int(honoraire_limit)*3*40\/100;\r\n\t\r\n\tvar honoraire_co = convert_int(honoraire_limit)*3*30\/100;\r\n\t\r\n\tvar honoraire_tribu  = convert_int(honoraire_presi)+ convert_int(honoraire_co)*2;\r\n\t \r\n\tvar total_procedure1 = convert_int(frais_admin)+ convert_int(honoraire_limit) + convert_int(frais_tribunal) + convert_int(frais_expert) + convert_int(honoraire_expert) + convert_int(frais_fonction);\r\n\t\r\n\tvar total_procedure2 = convert_int(frais_admin)+ convert_int(honoraire_tribu) + convert_int(frais_tribunal) + convert_int(frais_expert) + convert_int(honoraire_expert) + convert_int(frais_fonction);\r\n\t\r\n\r\n\tjQuery('#form-field-frais_admin').val(format_nbr(frais_admin));\r\n\tjQuery('#form-field-frais_limite_min').val(format_nbr(limit_min));\r\n\tjQuery('#form-field-frais_limite_max').val(format_nbr(limit_max));\r\n\tjQuery('#form-field-honoraire_presi').val(format_nbr(honoraire_presi));\r\n\tjQuery('#form-field-honoraire_co').val(format_nbr(honoraire_co));\r\n\tjQuery('#form-field-honoraire_tribu').val(format_nbr(honoraire_tribu));\r\n\t\r\n\tjQuery('#form-field-total_procedure1').val(format_nbr(total_procedure1));\r\n\tjQuery('#form-field-total_procedure2').val(format_nbr(total_procedure2));\r\n\t\r\n\t  jQuery('#montant-litige').html(format_nbr(montantlitig)+' FCFA');\r\n\t  \r\n  })\r\n   \r\nfunction calcul_total1(frais_admin,limit_min, )\r\n{\r\n}\r\n   \r\n function calcul_frais_admin(montant_litige)\r\n{\t\r\n\tvar frais_admin=0;\r\n\tif(montant_litige<25000001)\r\n\t{\r\n\t\tfrais_admin=500000;\r\n\t}else if(montant_litige>25000000 && montant_litige<=125000000)\r\n\t{\r\n\t\tfrais_admin=500000+(montant_litige-25000000)*2\/100;\r\n\t}\r\n\telse if(montant_litige>125000000 && montant_litige<=500000000)\r\n\t{\r\n\t\tfrais_admin=2500000+(montant_litige-125000000)*1\/100;\r\n\t}\r\n\telse if(montant_litige>500000000 && montant_litige<=750000000)\r\n\t{\r\n\t\tfrais_admin=6250000+(montant_litige-500000000)*0.4\/100;\r\n\t}\r\n\telse if(montant_litige>750000000 && montant_litige<=1000000000)\r\n\t{\r\n\t\tfrais_admin=7250000+(montant_litige-750000000)*0.2\/100;\r\n\t}\r\n\telse if(montant_litige>1000000000 && montant_litige<=5000000000)\r\n\t{\r\n\t\tfrais_admin=7750000+(montant_litige-1000000000)*0.05\/100;\r\n\t}else\r\n\t{\r\n\t\tfrais_admin=30000000;\r\n\t}\r\n\treturn frais_admin;\r\n}\r\n\r\n\r\nfunction calcul_Limit_min(montant_litige)\r\n{\t\r\n\tvar frais=0;\r\n\tif(montant_litige<25000001)\r\n\t{\r\n\t\tfrais=500000;\r\n\t}else if(montant_litige>25000000 && montant_litige<=125000000)\r\n\t{\r\n\t\tfrais=500000+(montant_litige-25000000)*1.5\/100;\r\n\t}\r\n\telse if(montant_litige>125000000 && montant_litige<=500000000)\r\n\t{\r\n\t\tfrais=2000000+(montant_litige-125000000)*1\/100;\r\n\t}\r\n\telse if(montant_litige>500000000 && montant_litige<=750000000)\r\n\t{\r\n\t\tfrais=5750000+(montant_litige-500000000)*0.5\/100;\r\n\t}\r\n\telse if(montant_litige>750000000 && montant_litige<=1000000000)\r\n\t{\r\n\t\tfrais=7000000+(montant_litige-750000000)*0.3\/100;\r\n\t}\r\n\telse if(montant_litige>1000000000 && montant_litige<=5000000000)\r\n\t{\r\n\t\tfrais=7750000+(montant_litige-1000000000)*0.1\/100;\r\n\t}else\r\n\t{\r\n\t\tfrais=11750000+(montant_litige-5000000000)*0.01;\r\n\t}\r\n\treturn frais;\r\n}\r\n\r\nfunction calcul_Limit_max(montant_litige)\r\n{\t\r\n\tvar frais=0;\r\n\tif(montant_litige<25000001)\r\n\t{\r\n\t\tfrais=montant_litige*10\/100;\r\n\t\t\r\n\t}else if(montant_litige>25000000 && montant_litige<=125000000)\r\n\t{\r\n\t\tfrais=2500000+(montant_litige-25000000)*5\/100;\r\n\t}\r\n\telse if(montant_litige>125000000 && montant_litige<=500000000)\r\n\t{\r\n\t\tfrais=7500000+(montant_litige-125000000)*3\/100;\r\n\t}\r\n\telse if(montant_litige>500000000 && montant_litige<=750000000)\r\n\t{\r\n\t\tfrais=18750000+(montant_litige-500000000)*2\/100;\r\n\t}\r\n\telse if(montant_litige>750000000 && montant_litige<=1000000000)\r\n\t{\r\n\t\tfrais=23750000+(montant_litige-750000000)*1.5\/100;\r\n\t}\r\n\telse if(montant_litige>1000000000 && montant_litige<=5000000000)\r\n\t{\r\n\t\tfrais=27000000+(montant_litige-1000000000)*0.3\/100;\r\n\t}else\r\n\t{\r\n\t\tfrais=39500000+(montant_litige-5000000000)*0.05\/100;\r\n\t}\r\n\treturn frais;\r\n}\r\n\r\nfunction checked_val(honoraire_arb, limit_min)\r\n{\t\r\n\tif(honoraire_arb>0)\r\n\t\treturn honoraire_arb;\r\n\telse \r\n\t\treturn limit_min;\r\n}\r\nfunction convert_int(val)\r\n{\r\n\tconst parsed = parseInt(val);\r\n\tif (isNaN(parsed)) { return 0; }\r\n\treturn parsed;\r\n}\r\n\r\nfunction format_nbr(nStr)\r\n{\r\n\tnStr += '';\r\n\tx = nStr.split('.');\r\n\tx1 = x[0];\r\n\tx2 = x.length > 1 ? '.' + x[1] : '';\r\n\tvar rgx = \/(\\d+)(\\d{3})\/;\r\n\twhile (rgx.test(x1)) {\r\n\t\tx1 = x1.replace(rgx, '$1' + ' ' + '$2');\r\n\t}\r\n\treturn x1 + x2;\r\n}\r\n\r\n<\/script>\t\t<\/div>\n\t\t\t\t<\/div>\n\t\t\t\t\t\t<\/div>\n\t\t\t\t\t<\/div>\n\t\t<\/div>\n\t\t\t\t\t\t\t\t<\/div>\n\t\t\t\t\t<\/div>\n\t\t<\/section>\n\t\t\t\t\t\t\t\t\t<\/div>\n\t\t\t<\/div>\n\t\t\t\t\t<\/div>\n\t\t","protected":false},"excerpt":{"rendered":"","protected":false},"author":20,"featured_media":0,"parent":0,"menu_order":0,"comment_status":"closed","ping_status":"closed","template":"","meta":{"_relevanssi_hide_post":"","_relevanssi_hide_content":"","_relevanssi_pin_for_all":"","_relevanssi_pin_keywords":"","_relevanssi_unpin_keywords":"","_relevanssi_related_keywords":"","_relevanssi_related_include_ids":"","_relevanssi_related_exclude_ids":"","_relevanssi_related_no_append":"","_relevanssi_related_not_related":"","_relevanssi_related_posts":"","_relevanssi_noindex_reason":"","footnotes":""},"acf":[],"_links":{"self":[{"href":"https:\/\/www.ohada.org\/pt-pt\/wp-json\/wp\/v2\/pages\/28188"}],"collection":[{"href":"https:\/\/www.ohada.org\/pt-pt\/wp-json\/wp\/v2\/pages"}],"about":[{"href":"https:\/\/www.ohada.org\/pt-pt\/wp-json\/wp\/v2\/types\/page"}],"author":[{"embeddable":true,"href":"https:\/\/www.ohada.org\/pt-pt\/wp-json\/wp\/v2\/users\/20"}],"replies":[{"embeddable":true,"href":"https:\/\/www.ohada.org\/pt-pt\/wp-json\/wp\/v2\/comments?post=28188"}],"version-history":[{"count":2,"href":"https:\/\/www.ohada.org\/pt-pt\/wp-json\/wp\/v2\/pages\/28188\/revisions"}],"predecessor-version":[{"id":34726,"href":"https:\/\/www.ohada.org\/pt-pt\/wp-json\/wp\/v2\/pages\/28188\/revisions\/34726"}],"wp:attachment":[{"href":"https:\/\/www.ohada.org\/pt-pt\/wp-json\/wp\/v2\/media?parent=28188"}],"curies":[{"name":"wp","href":"https:\/\/api.w.org\/{rel}","templated":true}]}}